{"id":4817,"date":"2013-10-07T22:46:11","date_gmt":"2013-10-08T02:46:11","guid":{"rendered":"http:\/\/socdem.wpengine.com\/?page_id=4817"},"modified":"2014-04-04T05:11:11","modified_gmt":"2014-04-04T09:11:11","slug":"%cf%80%cf%81%ce%bf%cf%83%cf%84%ce%b1%cf%83%ce%b9%ce%b1-%ce%ba%ce%b1%ce%b9-%ce%b1%cf%83%cf%86%ce%b1%ce%bb%ce%b5%ce%b9%ce%b1","status":"publish","type":"page","link":"https:\/\/www.socdem.org\/el\/%ce%b3%ce%b9%ce%b1%cf%84%ce%b9-%ce%bd%ce%b1-%ce%b5%cf%80%ce%b9%ce%bb%ce%b5%ce%be%ce%b5%cf%84%ce%b5-%cf%84%ce%bf-%cf%83%cf%87%ce%bf%ce%bb%ce%b5%ce%b9%ce%bf-%ce%bc%ce%b1%cf%83\/%cf%80%cf%81%ce%bf%cf%83%cf%84%ce%b1%cf%83%ce%b9%ce%b1-%ce%ba%ce%b1%ce%b9-%ce%b1%cf%83%cf%86%ce%b1%ce%bb%ce%b5%ce%b9%ce%b1\/","title":{"rendered":"\u03a0\u03a1\u039f\u03a3\u03a4\u0391\u03a3\u0399\u0391 \u039a\u0391\u0399 \u0391\u03a3\u03a6\u0391\u039b\u0395\u0399\u0391"},"content":{"rendered":"<h5 style=\"text-align: justify; color: black;\">\n<p>At Socrates-Demosthene, your child\u2019s security and well being are our primary concern, our absolute priority. This has always been the case and that will never change.<\/p>\n<p>Though one hopes that undesirable situations will never occur close to home, we know they can happen anywhere at any time. All it takes is one deranged individual to do something terrible. Our School\u2019s goal is to be as best prepared as possible.<\/p>\n<p>If you refer to our School\u2019s Policy &#038; Procedures Manual, you will notice that we have policies on Intrusion and on Lockdown. Several years ago, we began Lockdown training for all our staff (directors, teachers, secretaries, janitors, lunch supervisors and daycare personnel). These training sessions are given by the POLICE to our staff on a regular basis.<\/p>\n<p>Follow-up protocol meetings are conducted by the campus Director and his or her team. The security measures of each campus are constantly being re-evaluated and modifications are implemented if deemed necessary. We are working very closely with our Buildings and Grounds Department to make improvements following any re-assessments.<\/p>\n<p>Our campuses conduct Lockdown practices in individual groups and campus-wide.<\/p>\n<p>In the real world things might not always work out as planned but the more prepared we are the greater our chance of coming out of such situations without any harm.<\/p>\n<\/h5>\n","protected":false},"excerpt":{"rendered":"<p>At Socrates-Demosthene, your child\u2019s security and well being are our primary concern, our absolute priority. This has always been the case and that will never change. Though one hopes that&#8230;<\/p>\n","protected":false},"author":2,"featured_media":0,"parent":4765,"menu_order":11,"comment_status":"open","ping_status":"closed","template":"","meta":{"_monsterinsights_skip_tracking":false,"_monsterinsights_sitenote_active":false,"_monsterinsights_sitenote_note":"","_monsterinsights_sitenote_category":0,"footnotes":""},"class_list":["post-4817","page","type-page","status-publish"],"yoast_head":"<!-- This site is optimized with the Yoast SEO plugin v27.3 - https:\/\/yoast.com\/product\/yoast-seo-wordpress\/ -->\n<title>\u03a0\u03a1\u039f\u03a3\u03a4\u0391\u03a3\u0399\u0391 \u039a\u0391\u0399 \u0391\u03a3\u03a6\u0391\u039b\u0395\u0399\u0391 - \u0394\u03b7\u03bc\u03bf\u03c4\u03b9\u03ba\u03cc \u03c3\u03c7\u03bf\u03bb\u03b5\u03af\u03bf \u03a3\u03c9\u03ba\u03c1\u03ac\u03c4\u03b7\u03c2 \u03ba\u03b1\u03b9 \u0394\u03b7\u03bc\u03bf\u03c3\u03b8\u03ad\u03bd\u03b7\u03c2<\/title>\n<meta name=\"robots\" content=\"index, follow, max-snippet:-1, max-image-preview:large, max-video-preview:-1\" \/>\n<link rel=\"canonical\" href=\"https:\/\/www.socdem.org\/el\/\u03b3\u03b9\u03b1\u03c4\u03b9-\u03bd\u03b1-\u03b5\u03c0\u03b9\u03bb\u03b5\u03be\u03b5\u03c4\u03b5-\u03c4\u03bf-\u03c3\u03c7\u03bf\u03bb\u03b5\u03b9\u03bf-\u03bc\u03b1\u03c3\/\u03c0\u03c1\u03bf\u03c3\u03c4\u03b1\u03c3\u03b9\u03b1-\u03ba\u03b1\u03b9-\u03b1\u03c3\u03c6\u03b1\u03bb\u03b5\u03b9\u03b1\/\" \/>\n<meta property=\"og:locale\" content=\"el_GR\" \/>\n<meta property=\"og:type\" content=\"article\" \/>\n<meta property=\"og:title\" content=\"\u03a0\u03a1\u039f\u03a3\u03a4\u0391\u03a3\u0399\u0391 \u039a\u0391\u0399 \u0391\u03a3\u03a6\u0391\u039b\u0395\u0399\u0391 - \u0394\u03b7\u03bc\u03bf\u03c4\u03b9\u03ba\u03cc \u03c3\u03c7\u03bf\u03bb\u03b5\u03af\u03bf \u03a3\u03c9\u03ba\u03c1\u03ac\u03c4\u03b7\u03c2 \u03ba\u03b1\u03b9 \u0394\u03b7\u03bc\u03bf\u03c3\u03b8\u03ad\u03bd\u03b7\u03c2\" \/>\n<meta property=\"og:description\" content=\"At Socrates-Demosthene, your child\u2019s security and well being are our primary concern, our absolute priority. This has always been the case and that will never change. Though one hopes that...\" \/>\n<meta property=\"og:url\" content=\"https:\/\/www.socdem.org\/el\/\u03b3\u03b9\u03b1\u03c4\u03b9-\u03bd\u03b1-\u03b5\u03c0\u03b9\u03bb\u03b5\u03be\u03b5\u03c4\u03b5-\u03c4\u03bf-\u03c3\u03c7\u03bf\u03bb\u03b5\u03b9\u03bf-\u03bc\u03b1\u03c3\/\u03c0\u03c1\u03bf\u03c3\u03c4\u03b1\u03c3\u03b9\u03b1-\u03ba\u03b1\u03b9-\u03b1\u03c3\u03c6\u03b1\u03bb\u03b5\u03b9\u03b1\/\" \/>\n<meta property=\"og:site_name\" content=\"\u0394\u03b7\u03bc\u03bf\u03c4\u03b9\u03ba\u03cc \u03c3\u03c7\u03bf\u03bb\u03b5\u03af\u03bf \u03a3\u03c9\u03ba\u03c1\u03ac\u03c4\u03b7\u03c2 \u03ba\u03b1\u03b9 \u0394\u03b7\u03bc\u03bf\u03c3\u03b8\u03ad\u03bd\u03b7\u03c2\" \/>\n<meta property=\"article:publisher\" content=\"https:\/\/www.facebook.com\/TheHCGM\/\" \/>\n<meta property=\"article:modified_time\" content=\"2014-04-04T09:11:11+00:00\" \/>\n<meta name=\"twitter:card\" content=\"summary_large_image\" \/>\n<meta name=\"twitter:label1\" content=\"\u0395\u03ba\u03c4\u03b9\u03bc\u03ce\u03bc\u03b5\u03bd\u03bf\u03c2 \u03c7\u03c1\u03cc\u03bd\u03bf\u03c2 \u03b1\u03bd\u03ac\u03b3\u03bd\u03c9\u03c3\u03b7\u03c2\" \/>\n\t<meta name=\"twitter:data1\" content=\"1 \u03bb\u03b5\u03c0\u03c4\u03cc\" \/>\n<script type=\"application\/ld+json\" class=\"yoast-schema-graph\">{\"@context\":\"https:\\\/\\\/schema.org\",\"@graph\":[{\"@type\":\"WebPage\",\"@id\":\"https:\\\/\\\/www.socdem.org\\\/el\\\/%ce%b3%ce%b9%ce%b1%cf%84%ce%b9-%ce%bd%ce%b1-%ce%b5%cf%80%ce%b9%ce%bb%ce%b5%ce%be%ce%b5%cf%84%ce%b5-%cf%84%ce%bf-%cf%83%cf%87%ce%bf%ce%bb%ce%b5%ce%b9%ce%bf-%ce%bc%ce%b1%cf%83\\\/%cf%80%cf%81%ce%bf%cf%83%cf%84%ce%b1%cf%83%ce%b9%ce%b1-%ce%ba%ce%b1%ce%b9-%ce%b1%cf%83%cf%86%ce%b1%ce%bb%ce%b5%ce%b9%ce%b1\\\/\",\"url\":\"https:\\\/\\\/www.socdem.org\\\/el\\\/%ce%b3%ce%b9%ce%b1%cf%84%ce%b9-%ce%bd%ce%b1-%ce%b5%cf%80%ce%b9%ce%bb%ce%b5%ce%be%ce%b5%cf%84%ce%b5-%cf%84%ce%bf-%cf%83%cf%87%ce%bf%ce%bb%ce%b5%ce%b9%ce%bf-%ce%bc%ce%b1%cf%83\\\/%cf%80%cf%81%ce%bf%cf%83%cf%84%ce%b1%cf%83%ce%b9%ce%b1-%ce%ba%ce%b1%ce%b9-%ce%b1%cf%83%cf%86%ce%b1%ce%bb%ce%b5%ce%b9%ce%b1\\\/\",\"name\":\"\u03a0\u03a1\u039f\u03a3\u03a4\u0391\u03a3\u0399\u0391 \u039a\u0391\u0399 \u0391\u03a3\u03a6\u0391\u039b\u0395\u0399\u0391 - \u0394\u03b7\u03bc\u03bf\u03c4\u03b9\u03ba\u03cc \u03c3\u03c7\u03bf\u03bb\u03b5\u03af\u03bf \u03a3\u03c9\u03ba\u03c1\u03ac\u03c4\u03b7\u03c2 \u03ba\u03b1\u03b9 \u0394\u03b7\u03bc\u03bf\u03c3\u03b8\u03ad\u03bd\u03b7\u03c2\",\"isPartOf\":{\"@id\":\"https:\\\/\\\/www.socdem.org\\\/el\\\/#website\"},\"datePublished\":\"2013-10-08T02:46:11+00:00\",\"dateModified\":\"2014-04-04T09:11:11+00:00\",\"breadcrumb\":{\"@id\":\"https:\\\/\\\/www.socdem.org\\\/el\\\/%ce%b3%ce%b9%ce%b1%cf%84%ce%b9-%ce%bd%ce%b1-%ce%b5%cf%80%ce%b9%ce%bb%ce%b5%ce%be%ce%b5%cf%84%ce%b5-%cf%84%ce%bf-%cf%83%cf%87%ce%bf%ce%bb%ce%b5%ce%b9%ce%bf-%ce%bc%ce%b1%cf%83\\\/%cf%80%cf%81%ce%bf%cf%83%cf%84%ce%b1%cf%83%ce%b9%ce%b1-%ce%ba%ce%b1%ce%b9-%ce%b1%cf%83%cf%86%ce%b1%ce%bb%ce%b5%ce%b9%ce%b1\\\/#breadcrumb\"},\"inLanguage\":\"el\",\"potentialAction\":[{\"@type\":\"ReadAction\",\"target\":[\"https:\\\/\\\/www.socdem.org\\\/el\\\/%ce%b3%ce%b9%ce%b1%cf%84%ce%b9-%ce%bd%ce%b1-%ce%b5%cf%80%ce%b9%ce%bb%ce%b5%ce%be%ce%b5%cf%84%ce%b5-%cf%84%ce%bf-%cf%83%cf%87%ce%bf%ce%bb%ce%b5%ce%b9%ce%bf-%ce%bc%ce%b1%cf%83\\\/%cf%80%cf%81%ce%bf%cf%83%cf%84%ce%b1%cf%83%ce%b9%ce%b1-%ce%ba%ce%b1%ce%b9-%ce%b1%cf%83%cf%86%ce%b1%ce%bb%ce%b5%ce%b9%ce%b1\\\/\"]}]},{\"@type\":\"BreadcrumbList\",\"@id\":\"https:\\\/\\\/www.socdem.org\\\/el\\\/%ce%b3%ce%b9%ce%b1%cf%84%ce%b9-%ce%bd%ce%b1-%ce%b5%cf%80%ce%b9%ce%bb%ce%b5%ce%be%ce%b5%cf%84%ce%b5-%cf%84%ce%bf-%cf%83%cf%87%ce%bf%ce%bb%ce%b5%ce%b9%ce%bf-%ce%bc%ce%b1%cf%83\\\/%cf%80%cf%81%ce%bf%cf%83%cf%84%ce%b1%cf%83%ce%b9%ce%b1-%ce%ba%ce%b1%ce%b9-%ce%b1%cf%83%cf%86%ce%b1%ce%bb%ce%b5%ce%b9%ce%b1\\\/#breadcrumb\",\"itemListElement\":[{\"@type\":\"ListItem\",\"position\":1,\"name\":\"Accueil\",\"item\":\"https:\\\/\\\/www.socdem.org\\\/el\\\/\"},{\"@type\":\"ListItem\",\"position\":2,\"name\":\"\u0393\u0399\u0391\u03a4\u0399 \u039d\u0391 \u0395\u03a0\u0399\u039b\u0395\u039e\u0395\u03a4\u0395 \u03a4\u039f \u03a3\u03a7\u039f\u039b\u0395\u0399\u039f \u039c\u0391\u03a3\",\"item\":\"https:\\\/\\\/www.socdem.org\\\/el\\\/%ce%b3%ce%b9%ce%b1%cf%84%ce%b9-%ce%bd%ce%b1-%ce%b5%cf%80%ce%b9%ce%bb%ce%b5%ce%be%ce%b5%cf%84%ce%b5-%cf%84%ce%bf-%cf%83%cf%87%ce%bf%ce%bb%ce%b5%ce%b9%ce%bf-%ce%bc%ce%b1%cf%83\\\/\"},{\"@type\":\"ListItem\",\"position\":3,\"name\":\"\u03a0\u03a1\u039f\u03a3\u03a4\u0391\u03a3\u0399\u0391 \u039a\u0391\u0399 \u0391\u03a3\u03a6\u0391\u039b\u0395\u0399\u0391\"}]},{\"@type\":\"WebSite\",\"@id\":\"https:\\\/\\\/www.socdem.org\\\/el\\\/#website\",\"url\":\"https:\\\/\\\/www.socdem.org\\\/el\\\/\",\"name\":\"\u00c9cole Socrates-D\u00e9mosth\u00e8ne\",\"description\":\"\u03a0\u03ad\u03bd\u03c4\u03b5 \u03c4\u03c1\u03af\u03b3\u03bb\u03c9\u03c3\u03c3\u03b1 \u03b5\u03bb\u03bb\u03b7\u03bd\u03b9\u03ba\u03ac \u03b4\u03b7\u03bc\u03bf\u03c4\u03b9\u03ba\u03ac \u03c3\u03c7\u03bf\u03bb\u03b5\u03af\u03b1 \u03c4\u03bf\u03c5 \u039c\u03b5\u03b3\u03b1\u03bb\u03cd\u03c4\u03b5\u03c1\u03bf\u03c5 \u039c\u03bf\u03bd\u03c4\u03c1\u03b5\u03ac\u03bb\",\"publisher\":{\"@id\":\"https:\\\/\\\/www.socdem.org\\\/el\\\/#organization\"},\"potentialAction\":[{\"@type\":\"SearchAction\",\"target\":{\"@type\":\"EntryPoint\",\"urlTemplate\":\"https:\\\/\\\/www.socdem.org\\\/el\\\/?s={search_term_string}\"},\"query-input\":{\"@type\":\"PropertyValueSpecification\",\"valueRequired\":true,\"valueName\":\"search_term_string\"}}],\"inLanguage\":\"el\"},{\"@type\":\"Organization\",\"@id\":\"https:\\\/\\\/www.socdem.org\\\/el\\\/#organization\",\"name\":\"\u00c9cole Socrates-D\u00e9mosth\u00e8ne\",\"url\":\"https:\\\/\\\/www.socdem.org\\\/el\\\/\",\"logo\":{\"@type\":\"ImageObject\",\"inLanguage\":\"el\",\"@id\":\"https:\\\/\\\/www.socdem.org\\\/el\\\/#\\\/schema\\\/logo\\\/image\\\/\",\"url\":\"https:\\\/\\\/www.socdem.org\\\/wp-content\\\/uploads\\\/2014\\\/03\\\/SOC-DEM-LOGO-NAME.jpg\",\"contentUrl\":\"https:\\\/\\\/www.socdem.org\\\/wp-content\\\/uploads\\\/2014\\\/03\\\/SOC-DEM-LOGO-NAME.jpg\",\"width\":\"8485\",\"height\":\"4200\",\"caption\":\"\u00c9cole Socrates-D\u00e9mosth\u00e8ne\"},\"image\":{\"@id\":\"https:\\\/\\\/www.socdem.org\\\/el\\\/#\\\/schema\\\/logo\\\/image\\\/\"},\"sameAs\":[\"https:\\\/\\\/www.facebook.com\\\/TheHCGM\\\/\",\"https:\\\/\\\/www.instagram.com\\\/p\\\/BnE965PhJU7\\\/?hl=en\"]}]}<\/script>\n<!-- \/ Yoast SEO plugin. -->","yoast_head_json":{"title":"\u03a0\u03a1\u039f\u03a3\u03a4\u0391\u03a3\u0399\u0391 \u039a\u0391\u0399 \u0391\u03a3\u03a6\u0391\u039b\u0395\u0399\u0391 - \u0394\u03b7\u03bc\u03bf\u03c4\u03b9\u03ba\u03cc \u03c3\u03c7\u03bf\u03bb\u03b5\u03af\u03bf \u03a3\u03c9\u03ba\u03c1\u03ac\u03c4\u03b7\u03c2 \u03ba\u03b1\u03b9 \u0394\u03b7\u03bc\u03bf\u03c3\u03b8\u03ad\u03bd\u03b7\u03c2","robots":{"index":"index","follow":"follow","max-snippet":"max-snippet:-1","max-image-preview":"max-image-preview:large","max-video-preview":"max-video-preview:-1"},"canonical":"https:\/\/www.socdem.org\/el\/\u03b3\u03b9\u03b1\u03c4\u03b9-\u03bd\u03b1-\u03b5\u03c0\u03b9\u03bb\u03b5\u03be\u03b5\u03c4\u03b5-\u03c4\u03bf-\u03c3\u03c7\u03bf\u03bb\u03b5\u03b9\u03bf-\u03bc\u03b1\u03c3\/\u03c0\u03c1\u03bf\u03c3\u03c4\u03b1\u03c3\u03b9\u03b1-\u03ba\u03b1\u03b9-\u03b1\u03c3\u03c6\u03b1\u03bb\u03b5\u03b9\u03b1\/","og_locale":"el_GR","og_type":"article","og_title":"\u03a0\u03a1\u039f\u03a3\u03a4\u0391\u03a3\u0399\u0391 \u039a\u0391\u0399 \u0391\u03a3\u03a6\u0391\u039b\u0395\u0399\u0391 - \u0394\u03b7\u03bc\u03bf\u03c4\u03b9\u03ba\u03cc \u03c3\u03c7\u03bf\u03bb\u03b5\u03af\u03bf \u03a3\u03c9\u03ba\u03c1\u03ac\u03c4\u03b7\u03c2 \u03ba\u03b1\u03b9 \u0394\u03b7\u03bc\u03bf\u03c3\u03b8\u03ad\u03bd\u03b7\u03c2","og_description":"At Socrates-Demosthene, your child\u2019s security and well being are our primary concern, our absolute priority. This has always been the case and that will never change. Though one hopes that...","og_url":"https:\/\/www.socdem.org\/el\/\u03b3\u03b9\u03b1\u03c4\u03b9-\u03bd\u03b1-\u03b5\u03c0\u03b9\u03bb\u03b5\u03be\u03b5\u03c4\u03b5-\u03c4\u03bf-\u03c3\u03c7\u03bf\u03bb\u03b5\u03b9\u03bf-\u03bc\u03b1\u03c3\/\u03c0\u03c1\u03bf\u03c3\u03c4\u03b1\u03c3\u03b9\u03b1-\u03ba\u03b1\u03b9-\u03b1\u03c3\u03c6\u03b1\u03bb\u03b5\u03b9\u03b1\/","og_site_name":"\u0394\u03b7\u03bc\u03bf\u03c4\u03b9\u03ba\u03cc \u03c3\u03c7\u03bf\u03bb\u03b5\u03af\u03bf \u03a3\u03c9\u03ba\u03c1\u03ac\u03c4\u03b7\u03c2 \u03ba\u03b1\u03b9 \u0394\u03b7\u03bc\u03bf\u03c3\u03b8\u03ad\u03bd\u03b7\u03c2","article_publisher":"https:\/\/www.facebook.com\/TheHCGM\/","article_modified_time":"2014-04-04T09:11:11+00:00","twitter_card":"summary_large_image","twitter_misc":{"\u0395\u03ba\u03c4\u03b9\u03bc\u03ce\u03bc\u03b5\u03bd\u03bf\u03c2 \u03c7\u03c1\u03cc\u03bd\u03bf\u03c2 \u03b1\u03bd\u03ac\u03b3\u03bd\u03c9\u03c3\u03b7\u03c2":"1 \u03bb\u03b5\u03c0\u03c4\u03cc"},"schema":{"@context":"https:\/\/schema.org","@graph":[{"@type":"WebPage","@id":"https:\/\/www.socdem.org\/el\/%ce%b3%ce%b9%ce%b1%cf%84%ce%b9-%ce%bd%ce%b1-%ce%b5%cf%80%ce%b9%ce%bb%ce%b5%ce%be%ce%b5%cf%84%ce%b5-%cf%84%ce%bf-%cf%83%cf%87%ce%bf%ce%bb%ce%b5%ce%b9%ce%bf-%ce%bc%ce%b1%cf%83\/%cf%80%cf%81%ce%bf%cf%83%cf%84%ce%b1%cf%83%ce%b9%ce%b1-%ce%ba%ce%b1%ce%b9-%ce%b1%cf%83%cf%86%ce%b1%ce%bb%ce%b5%ce%b9%ce%b1\/","url":"https:\/\/www.socdem.org\/el\/%ce%b3%ce%b9%ce%b1%cf%84%ce%b9-%ce%bd%ce%b1-%ce%b5%cf%80%ce%b9%ce%bb%ce%b5%ce%be%ce%b5%cf%84%ce%b5-%cf%84%ce%bf-%cf%83%cf%87%ce%bf%ce%bb%ce%b5%ce%b9%ce%bf-%ce%bc%ce%b1%cf%83\/%cf%80%cf%81%ce%bf%cf%83%cf%84%ce%b1%cf%83%ce%b9%ce%b1-%ce%ba%ce%b1%ce%b9-%ce%b1%cf%83%cf%86%ce%b1%ce%bb%ce%b5%ce%b9%ce%b1\/","name":"\u03a0\u03a1\u039f\u03a3\u03a4\u0391\u03a3\u0399\u0391 \u039a\u0391\u0399 \u0391\u03a3\u03a6\u0391\u039b\u0395\u0399\u0391 - \u0394\u03b7\u03bc\u03bf\u03c4\u03b9\u03ba\u03cc \u03c3\u03c7\u03bf\u03bb\u03b5\u03af\u03bf \u03a3\u03c9\u03ba\u03c1\u03ac\u03c4\u03b7\u03c2 \u03ba\u03b1\u03b9 \u0394\u03b7\u03bc\u03bf\u03c3\u03b8\u03ad\u03bd\u03b7\u03c2","isPartOf":{"@id":"https:\/\/www.socdem.org\/el\/#website"},"datePublished":"2013-10-08T02:46:11+00:00","dateModified":"2014-04-04T09:11:11+00:00","breadcrumb":{"@id":"https:\/\/www.socdem.org\/el\/%ce%b3%ce%b9%ce%b1%cf%84%ce%b9-%ce%bd%ce%b1-%ce%b5%cf%80%ce%b9%ce%bb%ce%b5%ce%be%ce%b5%cf%84%ce%b5-%cf%84%ce%bf-%cf%83%cf%87%ce%bf%ce%bb%ce%b5%ce%b9%ce%bf-%ce%bc%ce%b1%cf%83\/%cf%80%cf%81%ce%bf%cf%83%cf%84%ce%b1%cf%83%ce%b9%ce%b1-%ce%ba%ce%b1%ce%b9-%ce%b1%cf%83%cf%86%ce%b1%ce%bb%ce%b5%ce%b9%ce%b1\/#breadcrumb"},"inLanguage":"el","potentialAction":[{"@type":"ReadAction","target":["https:\/\/www.socdem.org\/el\/%ce%b3%ce%b9%ce%b1%cf%84%ce%b9-%ce%bd%ce%b1-%ce%b5%cf%80%ce%b9%ce%bb%ce%b5%ce%be%ce%b5%cf%84%ce%b5-%cf%84%ce%bf-%cf%83%cf%87%ce%bf%ce%bb%ce%b5%ce%b9%ce%bf-%ce%bc%ce%b1%cf%83\/%cf%80%cf%81%ce%bf%cf%83%cf%84%ce%b1%cf%83%ce%b9%ce%b1-%ce%ba%ce%b1%ce%b9-%ce%b1%cf%83%cf%86%ce%b1%ce%bb%ce%b5%ce%b9%ce%b1\/"]}]},{"@type":"BreadcrumbList","@id":"https:\/\/www.socdem.org\/el\/%ce%b3%ce%b9%ce%b1%cf%84%ce%b9-%ce%bd%ce%b1-%ce%b5%cf%80%ce%b9%ce%bb%ce%b5%ce%be%ce%b5%cf%84%ce%b5-%cf%84%ce%bf-%cf%83%cf%87%ce%bf%ce%bb%ce%b5%ce%b9%ce%bf-%ce%bc%ce%b1%cf%83\/%cf%80%cf%81%ce%bf%cf%83%cf%84%ce%b1%cf%83%ce%b9%ce%b1-%ce%ba%ce%b1%ce%b9-%ce%b1%cf%83%cf%86%ce%b1%ce%bb%ce%b5%ce%b9%ce%b1\/#breadcrumb","itemListElement":[{"@type":"ListItem","position":1,"name":"Accueil","item":"https:\/\/www.socdem.org\/el\/"},{"@type":"ListItem","position":2,"name":"\u0393\u0399\u0391\u03a4\u0399 \u039d\u0391 \u0395\u03a0\u0399\u039b\u0395\u039e\u0395\u03a4\u0395 \u03a4\u039f \u03a3\u03a7\u039f\u039b\u0395\u0399\u039f \u039c\u0391\u03a3","item":"https:\/\/www.socdem.org\/el\/%ce%b3%ce%b9%ce%b1%cf%84%ce%b9-%ce%bd%ce%b1-%ce%b5%cf%80%ce%b9%ce%bb%ce%b5%ce%be%ce%b5%cf%84%ce%b5-%cf%84%ce%bf-%cf%83%cf%87%ce%bf%ce%bb%ce%b5%ce%b9%ce%bf-%ce%bc%ce%b1%cf%83\/"},{"@type":"ListItem","position":3,"name":"\u03a0\u03a1\u039f\u03a3\u03a4\u0391\u03a3\u0399\u0391 \u039a\u0391\u0399 \u0391\u03a3\u03a6\u0391\u039b\u0395\u0399\u0391"}]},{"@type":"WebSite","@id":"https:\/\/www.socdem.org\/el\/#website","url":"https:\/\/www.socdem.org\/el\/","name":"\u00c9cole Socrates-D\u00e9mosth\u00e8ne","description":"\u03a0\u03ad\u03bd\u03c4\u03b5 \u03c4\u03c1\u03af\u03b3\u03bb\u03c9\u03c3\u03c3\u03b1 \u03b5\u03bb\u03bb\u03b7\u03bd\u03b9\u03ba\u03ac \u03b4\u03b7\u03bc\u03bf\u03c4\u03b9\u03ba\u03ac \u03c3\u03c7\u03bf\u03bb\u03b5\u03af\u03b1 \u03c4\u03bf\u03c5 \u039c\u03b5\u03b3\u03b1\u03bb\u03cd\u03c4\u03b5\u03c1\u03bf\u03c5 \u039c\u03bf\u03bd\u03c4\u03c1\u03b5\u03ac\u03bb","publisher":{"@id":"https:\/\/www.socdem.org\/el\/#organization"},"potentialAction":[{"@type":"SearchAction","target":{"@type":"EntryPoint","urlTemplate":"https:\/\/www.socdem.org\/el\/?s={search_term_string}"},"query-input":{"@type":"PropertyValueSpecification","valueRequired":true,"valueName":"search_term_string"}}],"inLanguage":"el"},{"@type":"Organization","@id":"https:\/\/www.socdem.org\/el\/#organization","name":"\u00c9cole Socrates-D\u00e9mosth\u00e8ne","url":"https:\/\/www.socdem.org\/el\/","logo":{"@type":"ImageObject","inLanguage":"el","@id":"https:\/\/www.socdem.org\/el\/#\/schema\/logo\/image\/","url":"https:\/\/www.socdem.org\/wp-content\/uploads\/2014\/03\/SOC-DEM-LOGO-NAME.jpg","contentUrl":"https:\/\/www.socdem.org\/wp-content\/uploads\/2014\/03\/SOC-DEM-LOGO-NAME.jpg","width":"8485","height":"4200","caption":"\u00c9cole Socrates-D\u00e9mosth\u00e8ne"},"image":{"@id":"https:\/\/www.socdem.org\/el\/#\/schema\/logo\/image\/"},"sameAs":["https:\/\/www.facebook.com\/TheHCGM\/","https:\/\/www.instagram.com\/p\/BnE965PhJU7\/?hl=en"]}]}},"_links":{"self":[{"href":"https:\/\/www.socdem.org\/el\/wp-json\/wp\/v2\/pages\/4817","targetHints":{"allow":["GET"]}}],"collection":[{"href":"https:\/\/www.socdem.org\/el\/wp-json\/wp\/v2\/pages"}],"about":[{"href":"https:\/\/www.socdem.org\/el\/wp-json\/wp\/v2\/types\/page"}],"author":[{"embeddable":true,"href":"https:\/\/www.socdem.org\/el\/wp-json\/wp\/v2\/users\/2"}],"replies":[{"embeddable":true,"href":"https:\/\/www.socdem.org\/el\/wp-json\/wp\/v2\/comments?post=4817"}],"version-history":[{"count":0,"href":"https:\/\/www.socdem.org\/el\/wp-json\/wp\/v2\/pages\/4817\/revisions"}],"up":[{"embeddable":true,"href":"https:\/\/www.socdem.org\/el\/wp-json\/wp\/v2\/pages\/4765"}],"wp:attachment":[{"href":"https:\/\/www.socdem.org\/el\/wp-json\/wp\/v2\/media?parent=4817"}],"curies":[{"name":"wp","href":"https:\/\/api.w.org\/{rel}","templated":true}]}}