{"id":4977,"date":"2013-10-07T23:35:55","date_gmt":"2013-10-08T03:35:55","guid":{"rendered":"http:\/\/socdem.wpengine.com\/?page_id=4977"},"modified":"2018-11-21T17:45:13","modified_gmt":"2018-11-21T22:45:13","slug":"%ce%bc%ce%b7%ce%bd%cf%85%ce%bc%ce%b1-%cf%84%ce%b7%cf%83-%ce%b3%cf%81%ce%b1%ce%bc%ce%bc%ce%b1%cf%84%ce%b5%cf%89%cf%83-%ce%b5%ce%ba%cf%80%ce%b1%ce%b9%ce%b4%ce%b5%cf%85%cf%83%ce%b7%cf%83-%cf%84%ce%bf","status":"publish","type":"page","link":"https:\/\/www.socdem.org\/el\/%cf%84%ce%bf-%cf%83%cf%87%ce%bf%ce%bb%ce%b5%ce%b9%ce%bf-%ce%bc%ce%b1%cf%83\/%ce%bc%ce%b7%ce%bd%cf%85%ce%bc%ce%b1-%cf%84%ce%b7%cf%83-%ce%b3%cf%81%ce%b1%ce%bc%ce%bc%ce%b1%cf%84%ce%b5%cf%89%cf%83-%ce%b5%ce%ba%cf%80%ce%b1%ce%b9%ce%b4%ce%b5%cf%85%cf%83%ce%b7%cf%83-%cf%84%ce%bf\/","title":{"rendered":"\u039c\u0397\u039d\u03a5\u039c\u0391 \u03a4\u0397\u03a3 \u0393\u03a1\u0391\u039c\u039c\u0391\u03a4\u0395\u03a9\u03a3 \u0395\u039a\u03a0\u0391\u0399\u0394\u0395\u03a5\u03a3\u0397\u03a3 \u03a4\u039f\u03a5 HCGM"},"content":{"rendered":"","protected":false},"excerpt":{"rendered":"","protected":false},"author":2,"featured_media":0,"parent":4915,"menu_order":1,"comment_status":"open","ping_status":"closed","template":"","meta":{"_monsterinsights_skip_tracking":false,"_monsterinsights_sitenote_active":false,"_monsterinsights_sitenote_note":"","_monsterinsights_sitenote_category":0,"footnotes":""},"class_list":["post-4977","page","type-page","status-publish"],"yoast_head":"<!-- This site is optimized with the Yoast SEO plugin v27.3 - https:\/\/yoast.com\/product\/yoast-seo-wordpress\/ -->\n<title>\u039c\u0397\u039d\u03a5\u039c\u0391 \u03a4\u0397\u03a3 \u0393\u03a1\u0391\u039c\u039c\u0391\u03a4\u0395\u03a9\u03a3 \u0395\u039a\u03a0\u0391\u0399\u0394\u0395\u03a5\u03a3\u0397\u03a3 \u03a4\u039f\u03a5 HCGM - \u0394\u03b7\u03bc\u03bf\u03c4\u03b9\u03ba\u03cc \u03c3\u03c7\u03bf\u03bb\u03b5\u03af\u03bf \u03a3\u03c9\u03ba\u03c1\u03ac\u03c4\u03b7\u03c2 \u03ba\u03b1\u03b9 \u0394\u03b7\u03bc\u03bf\u03c3\u03b8\u03ad\u03bd\u03b7\u03c2<\/title>\n<meta name=\"robots\" content=\"index, follow, max-snippet:-1, max-image-preview:large, max-video-preview:-1\" \/>\n<link rel=\"canonical\" href=\"https:\/\/www.socdem.org\/el\/\u03c4\u03bf-\u03c3\u03c7\u03bf\u03bb\u03b5\u03b9\u03bf-\u03bc\u03b1\u03c3\/\u03bc\u03b7\u03bd\u03c5\u03bc\u03b1-\u03c4\u03b7\u03c3-\u03b3\u03c1\u03b1\u03bc\u03bc\u03b1\u03c4\u03b5\u03c9\u03c3-\u03b5\u03ba\u03c0\u03b1\u03b9\u03b4\u03b5\u03c5\u03c3\u03b7\u03c3-\u03c4\u03bf\/\" \/>\n<meta property=\"og:locale\" content=\"el_GR\" \/>\n<meta property=\"og:type\" content=\"article\" \/>\n<meta property=\"og:title\" content=\"\u039c\u0397\u039d\u03a5\u039c\u0391 \u03a4\u0397\u03a3 \u0393\u03a1\u0391\u039c\u039c\u0391\u03a4\u0395\u03a9\u03a3 \u0395\u039a\u03a0\u0391\u0399\u0394\u0395\u03a5\u03a3\u0397\u03a3 \u03a4\u039f\u03a5 HCGM - \u0394\u03b7\u03bc\u03bf\u03c4\u03b9\u03ba\u03cc \u03c3\u03c7\u03bf\u03bb\u03b5\u03af\u03bf \u03a3\u03c9\u03ba\u03c1\u03ac\u03c4\u03b7\u03c2 \u03ba\u03b1\u03b9 \u0394\u03b7\u03bc\u03bf\u03c3\u03b8\u03ad\u03bd\u03b7\u03c2\" \/>\n<meta property=\"og:url\" content=\"https:\/\/www.socdem.org\/el\/\u03c4\u03bf-\u03c3\u03c7\u03bf\u03bb\u03b5\u03b9\u03bf-\u03bc\u03b1\u03c3\/\u03bc\u03b7\u03bd\u03c5\u03bc\u03b1-\u03c4\u03b7\u03c3-\u03b3\u03c1\u03b1\u03bc\u03bc\u03b1\u03c4\u03b5\u03c9\u03c3-\u03b5\u03ba\u03c0\u03b1\u03b9\u03b4\u03b5\u03c5\u03c3\u03b7\u03c3-\u03c4\u03bf\/\" \/>\n<meta property=\"og:site_name\" content=\"\u0394\u03b7\u03bc\u03bf\u03c4\u03b9\u03ba\u03cc \u03c3\u03c7\u03bf\u03bb\u03b5\u03af\u03bf \u03a3\u03c9\u03ba\u03c1\u03ac\u03c4\u03b7\u03c2 \u03ba\u03b1\u03b9 \u0394\u03b7\u03bc\u03bf\u03c3\u03b8\u03ad\u03bd\u03b7\u03c2\" \/>\n<meta property=\"article:publisher\" content=\"https:\/\/www.facebook.com\/TheHCGM\/\" \/>\n<meta property=\"article:modified_time\" content=\"2018-11-21T22:45:13+00:00\" \/>\n<meta name=\"twitter:card\" content=\"summary_large_image\" \/>\n<script type=\"application\/ld+json\" class=\"yoast-schema-graph\">{\"@context\":\"https:\\\/\\\/schema.org\",\"@graph\":[{\"@type\":\"WebPage\",\"@id\":\"https:\\\/\\\/www.socdem.org\\\/el\\\/%cf%84%ce%bf-%cf%83%cf%87%ce%bf%ce%bb%ce%b5%ce%b9%ce%bf-%ce%bc%ce%b1%cf%83\\\/%ce%bc%ce%b7%ce%bd%cf%85%ce%bc%ce%b1-%cf%84%ce%b7%cf%83-%ce%b3%cf%81%ce%b1%ce%bc%ce%bc%ce%b1%cf%84%ce%b5%cf%89%cf%83-%ce%b5%ce%ba%cf%80%ce%b1%ce%b9%ce%b4%ce%b5%cf%85%cf%83%ce%b7%cf%83-%cf%84%ce%bf\\\/\",\"url\":\"https:\\\/\\\/www.socdem.org\\\/el\\\/%cf%84%ce%bf-%cf%83%cf%87%ce%bf%ce%bb%ce%b5%ce%b9%ce%bf-%ce%bc%ce%b1%cf%83\\\/%ce%bc%ce%b7%ce%bd%cf%85%ce%bc%ce%b1-%cf%84%ce%b7%cf%83-%ce%b3%cf%81%ce%b1%ce%bc%ce%bc%ce%b1%cf%84%ce%b5%cf%89%cf%83-%ce%b5%ce%ba%cf%80%ce%b1%ce%b9%ce%b4%ce%b5%cf%85%cf%83%ce%b7%cf%83-%cf%84%ce%bf\\\/\",\"name\":\"\u039c\u0397\u039d\u03a5\u039c\u0391 \u03a4\u0397\u03a3 \u0393\u03a1\u0391\u039c\u039c\u0391\u03a4\u0395\u03a9\u03a3 \u0395\u039a\u03a0\u0391\u0399\u0394\u0395\u03a5\u03a3\u0397\u03a3 \u03a4\u039f\u03a5 HCGM - \u0394\u03b7\u03bc\u03bf\u03c4\u03b9\u03ba\u03cc \u03c3\u03c7\u03bf\u03bb\u03b5\u03af\u03bf \u03a3\u03c9\u03ba\u03c1\u03ac\u03c4\u03b7\u03c2 \u03ba\u03b1\u03b9 \u0394\u03b7\u03bc\u03bf\u03c3\u03b8\u03ad\u03bd\u03b7\u03c2\",\"isPartOf\":{\"@id\":\"https:\\\/\\\/www.socdem.org\\\/el\\\/#website\"},\"datePublished\":\"2013-10-08T03:35:55+00:00\",\"dateModified\":\"2018-11-21T22:45:13+00:00\",\"breadcrumb\":{\"@id\":\"https:\\\/\\\/www.socdem.org\\\/el\\\/%cf%84%ce%bf-%cf%83%cf%87%ce%bf%ce%bb%ce%b5%ce%b9%ce%bf-%ce%bc%ce%b1%cf%83\\\/%ce%bc%ce%b7%ce%bd%cf%85%ce%bc%ce%b1-%cf%84%ce%b7%cf%83-%ce%b3%cf%81%ce%b1%ce%bc%ce%bc%ce%b1%cf%84%ce%b5%cf%89%cf%83-%ce%b5%ce%ba%cf%80%ce%b1%ce%b9%ce%b4%ce%b5%cf%85%cf%83%ce%b7%cf%83-%cf%84%ce%bf\\\/#breadcrumb\"},\"inLanguage\":\"el\",\"potentialAction\":[{\"@type\":\"ReadAction\",\"target\":[\"https:\\\/\\\/www.socdem.org\\\/el\\\/%cf%84%ce%bf-%cf%83%cf%87%ce%bf%ce%bb%ce%b5%ce%b9%ce%bf-%ce%bc%ce%b1%cf%83\\\/%ce%bc%ce%b7%ce%bd%cf%85%ce%bc%ce%b1-%cf%84%ce%b7%cf%83-%ce%b3%cf%81%ce%b1%ce%bc%ce%bc%ce%b1%cf%84%ce%b5%cf%89%cf%83-%ce%b5%ce%ba%cf%80%ce%b1%ce%b9%ce%b4%ce%b5%cf%85%cf%83%ce%b7%cf%83-%cf%84%ce%bf\\\/\"]}]},{\"@type\":\"BreadcrumbList\",\"@id\":\"https:\\\/\\\/www.socdem.org\\\/el\\\/%cf%84%ce%bf-%cf%83%cf%87%ce%bf%ce%bb%ce%b5%ce%b9%ce%bf-%ce%bc%ce%b1%cf%83\\\/%ce%bc%ce%b7%ce%bd%cf%85%ce%bc%ce%b1-%cf%84%ce%b7%cf%83-%ce%b3%cf%81%ce%b1%ce%bc%ce%bc%ce%b1%cf%84%ce%b5%cf%89%cf%83-%ce%b5%ce%ba%cf%80%ce%b1%ce%b9%ce%b4%ce%b5%cf%85%cf%83%ce%b7%cf%83-%cf%84%ce%bf\\\/#breadcrumb\",\"itemListElement\":[{\"@type\":\"ListItem\",\"position\":1,\"name\":\"Accueil\",\"item\":\"https:\\\/\\\/www.socdem.org\\\/el\\\/\"},{\"@type\":\"ListItem\",\"position\":2,\"name\":\"\u03a4\u039f \u03a3\u03a7\u039f\u039b\u0395\u0399\u039f \u039c\u0391\u03a3\",\"item\":\"https:\\\/\\\/www.socdem.org\\\/el\\\/%cf%84%ce%bf-%cf%83%cf%87%ce%bf%ce%bb%ce%b5%ce%b9%ce%bf-%ce%bc%ce%b1%cf%83\\\/\"},{\"@type\":\"ListItem\",\"position\":3,\"name\":\"\u039c\u0397\u039d\u03a5\u039c\u0391 \u03a4\u0397\u03a3 \u0393\u03a1\u0391\u039c\u039c\u0391\u03a4\u0395\u03a9\u03a3 \u0395\u039a\u03a0\u0391\u0399\u0394\u0395\u03a5\u03a3\u0397\u03a3 \u03a4\u039f\u03a5 HCGM\"}]},{\"@type\":\"WebSite\",\"@id\":\"https:\\\/\\\/www.socdem.org\\\/el\\\/#website\",\"url\":\"https:\\\/\\\/www.socdem.org\\\/el\\\/\",\"name\":\"\u00c9cole Socrates-D\u00e9mosth\u00e8ne\",\"description\":\"\u03a0\u03ad\u03bd\u03c4\u03b5 \u03c4\u03c1\u03af\u03b3\u03bb\u03c9\u03c3\u03c3\u03b1 \u03b5\u03bb\u03bb\u03b7\u03bd\u03b9\u03ba\u03ac \u03b4\u03b7\u03bc\u03bf\u03c4\u03b9\u03ba\u03ac \u03c3\u03c7\u03bf\u03bb\u03b5\u03af\u03b1 \u03c4\u03bf\u03c5 \u039c\u03b5\u03b3\u03b1\u03bb\u03cd\u03c4\u03b5\u03c1\u03bf\u03c5 \u039c\u03bf\u03bd\u03c4\u03c1\u03b5\u03ac\u03bb\",\"publisher\":{\"@id\":\"https:\\\/\\\/www.socdem.org\\\/el\\\/#organization\"},\"potentialAction\":[{\"@type\":\"SearchAction\",\"target\":{\"@type\":\"EntryPoint\",\"urlTemplate\":\"https:\\\/\\\/www.socdem.org\\\/el\\\/?s={search_term_string}\"},\"query-input\":{\"@type\":\"PropertyValueSpecification\",\"valueRequired\":true,\"valueName\":\"search_term_string\"}}],\"inLanguage\":\"el\"},{\"@type\":\"Organization\",\"@id\":\"https:\\\/\\\/www.socdem.org\\\/el\\\/#organization\",\"name\":\"\u00c9cole Socrates-D\u00e9mosth\u00e8ne\",\"url\":\"https:\\\/\\\/www.socdem.org\\\/el\\\/\",\"logo\":{\"@type\":\"ImageObject\",\"inLanguage\":\"el\",\"@id\":\"https:\\\/\\\/www.socdem.org\\\/el\\\/#\\\/schema\\\/logo\\\/image\\\/\",\"url\":\"https:\\\/\\\/www.socdem.org\\\/wp-content\\\/uploads\\\/2014\\\/03\\\/SOC-DEM-LOGO-NAME.jpg\",\"contentUrl\":\"https:\\\/\\\/www.socdem.org\\\/wp-content\\\/uploads\\\/2014\\\/03\\\/SOC-DEM-LOGO-NAME.jpg\",\"width\":\"8485\",\"height\":\"4200\",\"caption\":\"\u00c9cole Socrates-D\u00e9mosth\u00e8ne\"},\"image\":{\"@id\":\"https:\\\/\\\/www.socdem.org\\\/el\\\/#\\\/schema\\\/logo\\\/image\\\/\"},\"sameAs\":[\"https:\\\/\\\/www.facebook.com\\\/TheHCGM\\\/\",\"https:\\\/\\\/www.instagram.com\\\/p\\\/BnE965PhJU7\\\/?hl=en\"]}]}<\/script>\n<!-- \/ Yoast SEO plugin. -->","yoast_head_json":{"title":"\u039c\u0397\u039d\u03a5\u039c\u0391 \u03a4\u0397\u03a3 \u0393\u03a1\u0391\u039c\u039c\u0391\u03a4\u0395\u03a9\u03a3 \u0395\u039a\u03a0\u0391\u0399\u0394\u0395\u03a5\u03a3\u0397\u03a3 \u03a4\u039f\u03a5 HCGM - \u0394\u03b7\u03bc\u03bf\u03c4\u03b9\u03ba\u03cc \u03c3\u03c7\u03bf\u03bb\u03b5\u03af\u03bf \u03a3\u03c9\u03ba\u03c1\u03ac\u03c4\u03b7\u03c2 \u03ba\u03b1\u03b9 \u0394\u03b7\u03bc\u03bf\u03c3\u03b8\u03ad\u03bd\u03b7\u03c2","robots":{"index":"index","follow":"follow","max-snippet":"max-snippet:-1","max-image-preview":"max-image-preview:large","max-video-preview":"max-video-preview:-1"},"canonical":"https:\/\/www.socdem.org\/el\/\u03c4\u03bf-\u03c3\u03c7\u03bf\u03bb\u03b5\u03b9\u03bf-\u03bc\u03b1\u03c3\/\u03bc\u03b7\u03bd\u03c5\u03bc\u03b1-\u03c4\u03b7\u03c3-\u03b3\u03c1\u03b1\u03bc\u03bc\u03b1\u03c4\u03b5\u03c9\u03c3-\u03b5\u03ba\u03c0\u03b1\u03b9\u03b4\u03b5\u03c5\u03c3\u03b7\u03c3-\u03c4\u03bf\/","og_locale":"el_GR","og_type":"article","og_title":"\u039c\u0397\u039d\u03a5\u039c\u0391 \u03a4\u0397\u03a3 \u0393\u03a1\u0391\u039c\u039c\u0391\u03a4\u0395\u03a9\u03a3 \u0395\u039a\u03a0\u0391\u0399\u0394\u0395\u03a5\u03a3\u0397\u03a3 \u03a4\u039f\u03a5 HCGM - \u0394\u03b7\u03bc\u03bf\u03c4\u03b9\u03ba\u03cc \u03c3\u03c7\u03bf\u03bb\u03b5\u03af\u03bf \u03a3\u03c9\u03ba\u03c1\u03ac\u03c4\u03b7\u03c2 \u03ba\u03b1\u03b9 \u0394\u03b7\u03bc\u03bf\u03c3\u03b8\u03ad\u03bd\u03b7\u03c2","og_url":"https:\/\/www.socdem.org\/el\/\u03c4\u03bf-\u03c3\u03c7\u03bf\u03bb\u03b5\u03b9\u03bf-\u03bc\u03b1\u03c3\/\u03bc\u03b7\u03bd\u03c5\u03bc\u03b1-\u03c4\u03b7\u03c3-\u03b3\u03c1\u03b1\u03bc\u03bc\u03b1\u03c4\u03b5\u03c9\u03c3-\u03b5\u03ba\u03c0\u03b1\u03b9\u03b4\u03b5\u03c5\u03c3\u03b7\u03c3-\u03c4\u03bf\/","og_site_name":"\u0394\u03b7\u03bc\u03bf\u03c4\u03b9\u03ba\u03cc \u03c3\u03c7\u03bf\u03bb\u03b5\u03af\u03bf \u03a3\u03c9\u03ba\u03c1\u03ac\u03c4\u03b7\u03c2 \u03ba\u03b1\u03b9 \u0394\u03b7\u03bc\u03bf\u03c3\u03b8\u03ad\u03bd\u03b7\u03c2","article_publisher":"https:\/\/www.facebook.com\/TheHCGM\/","article_modified_time":"2018-11-21T22:45:13+00:00","twitter_card":"summary_large_image","schema":{"@context":"https:\/\/schema.org","@graph":[{"@type":"WebPage","@id":"https:\/\/www.socdem.org\/el\/%cf%84%ce%bf-%cf%83%cf%87%ce%bf%ce%bb%ce%b5%ce%b9%ce%bf-%ce%bc%ce%b1%cf%83\/%ce%bc%ce%b7%ce%bd%cf%85%ce%bc%ce%b1-%cf%84%ce%b7%cf%83-%ce%b3%cf%81%ce%b1%ce%bc%ce%bc%ce%b1%cf%84%ce%b5%cf%89%cf%83-%ce%b5%ce%ba%cf%80%ce%b1%ce%b9%ce%b4%ce%b5%cf%85%cf%83%ce%b7%cf%83-%cf%84%ce%bf\/","url":"https:\/\/www.socdem.org\/el\/%cf%84%ce%bf-%cf%83%cf%87%ce%bf%ce%bb%ce%b5%ce%b9%ce%bf-%ce%bc%ce%b1%cf%83\/%ce%bc%ce%b7%ce%bd%cf%85%ce%bc%ce%b1-%cf%84%ce%b7%cf%83-%ce%b3%cf%81%ce%b1%ce%bc%ce%bc%ce%b1%cf%84%ce%b5%cf%89%cf%83-%ce%b5%ce%ba%cf%80%ce%b1%ce%b9%ce%b4%ce%b5%cf%85%cf%83%ce%b7%cf%83-%cf%84%ce%bf\/","name":"\u039c\u0397\u039d\u03a5\u039c\u0391 \u03a4\u0397\u03a3 \u0393\u03a1\u0391\u039c\u039c\u0391\u03a4\u0395\u03a9\u03a3 \u0395\u039a\u03a0\u0391\u0399\u0394\u0395\u03a5\u03a3\u0397\u03a3 \u03a4\u039f\u03a5 HCGM - \u0394\u03b7\u03bc\u03bf\u03c4\u03b9\u03ba\u03cc \u03c3\u03c7\u03bf\u03bb\u03b5\u03af\u03bf \u03a3\u03c9\u03ba\u03c1\u03ac\u03c4\u03b7\u03c2 \u03ba\u03b1\u03b9 \u0394\u03b7\u03bc\u03bf\u03c3\u03b8\u03ad\u03bd\u03b7\u03c2","isPartOf":{"@id":"https:\/\/www.socdem.org\/el\/#website"},"datePublished":"2013-10-08T03:35:55+00:00","dateModified":"2018-11-21T22:45:13+00:00","breadcrumb":{"@id":"https:\/\/www.socdem.org\/el\/%cf%84%ce%bf-%cf%83%cf%87%ce%bf%ce%bb%ce%b5%ce%b9%ce%bf-%ce%bc%ce%b1%cf%83\/%ce%bc%ce%b7%ce%bd%cf%85%ce%bc%ce%b1-%cf%84%ce%b7%cf%83-%ce%b3%cf%81%ce%b1%ce%bc%ce%bc%ce%b1%cf%84%ce%b5%cf%89%cf%83-%ce%b5%ce%ba%cf%80%ce%b1%ce%b9%ce%b4%ce%b5%cf%85%cf%83%ce%b7%cf%83-%cf%84%ce%bf\/#breadcrumb"},"inLanguage":"el","potentialAction":[{"@type":"ReadAction","target":["https:\/\/www.socdem.org\/el\/%cf%84%ce%bf-%cf%83%cf%87%ce%bf%ce%bb%ce%b5%ce%b9%ce%bf-%ce%bc%ce%b1%cf%83\/%ce%bc%ce%b7%ce%bd%cf%85%ce%bc%ce%b1-%cf%84%ce%b7%cf%83-%ce%b3%cf%81%ce%b1%ce%bc%ce%bc%ce%b1%cf%84%ce%b5%cf%89%cf%83-%ce%b5%ce%ba%cf%80%ce%b1%ce%b9%ce%b4%ce%b5%cf%85%cf%83%ce%b7%cf%83-%cf%84%ce%bf\/"]}]},{"@type":"BreadcrumbList","@id":"https:\/\/www.socdem.org\/el\/%cf%84%ce%bf-%cf%83%cf%87%ce%bf%ce%bb%ce%b5%ce%b9%ce%bf-%ce%bc%ce%b1%cf%83\/%ce%bc%ce%b7%ce%bd%cf%85%ce%bc%ce%b1-%cf%84%ce%b7%cf%83-%ce%b3%cf%81%ce%b1%ce%bc%ce%bc%ce%b1%cf%84%ce%b5%cf%89%cf%83-%ce%b5%ce%ba%cf%80%ce%b1%ce%b9%ce%b4%ce%b5%cf%85%cf%83%ce%b7%cf%83-%cf%84%ce%bf\/#breadcrumb","itemListElement":[{"@type":"ListItem","position":1,"name":"Accueil","item":"https:\/\/www.socdem.org\/el\/"},{"@type":"ListItem","position":2,"name":"\u03a4\u039f \u03a3\u03a7\u039f\u039b\u0395\u0399\u039f \u039c\u0391\u03a3","item":"https:\/\/www.socdem.org\/el\/%cf%84%ce%bf-%cf%83%cf%87%ce%bf%ce%bb%ce%b5%ce%b9%ce%bf-%ce%bc%ce%b1%cf%83\/"},{"@type":"ListItem","position":3,"name":"\u039c\u0397\u039d\u03a5\u039c\u0391 \u03a4\u0397\u03a3 \u0393\u03a1\u0391\u039c\u039c\u0391\u03a4\u0395\u03a9\u03a3 \u0395\u039a\u03a0\u0391\u0399\u0394\u0395\u03a5\u03a3\u0397\u03a3 \u03a4\u039f\u03a5 HCGM"}]},{"@type":"WebSite","@id":"https:\/\/www.socdem.org\/el\/#website","url":"https:\/\/www.socdem.org\/el\/","name":"\u00c9cole Socrates-D\u00e9mosth\u00e8ne","description":"\u03a0\u03ad\u03bd\u03c4\u03b5 \u03c4\u03c1\u03af\u03b3\u03bb\u03c9\u03c3\u03c3\u03b1 \u03b5\u03bb\u03bb\u03b7\u03bd\u03b9\u03ba\u03ac \u03b4\u03b7\u03bc\u03bf\u03c4\u03b9\u03ba\u03ac \u03c3\u03c7\u03bf\u03bb\u03b5\u03af\u03b1 \u03c4\u03bf\u03c5 \u039c\u03b5\u03b3\u03b1\u03bb\u03cd\u03c4\u03b5\u03c1\u03bf\u03c5 \u039c\u03bf\u03bd\u03c4\u03c1\u03b5\u03ac\u03bb","publisher":{"@id":"https:\/\/www.socdem.org\/el\/#organization"},"potentialAction":[{"@type":"SearchAction","target":{"@type":"EntryPoint","urlTemplate":"https:\/\/www.socdem.org\/el\/?s={search_term_string}"},"query-input":{"@type":"PropertyValueSpecification","valueRequired":true,"valueName":"search_term_string"}}],"inLanguage":"el"},{"@type":"Organization","@id":"https:\/\/www.socdem.org\/el\/#organization","name":"\u00c9cole Socrates-D\u00e9mosth\u00e8ne","url":"https:\/\/www.socdem.org\/el\/","logo":{"@type":"ImageObject","inLanguage":"el","@id":"https:\/\/www.socdem.org\/el\/#\/schema\/logo\/image\/","url":"https:\/\/www.socdem.org\/wp-content\/uploads\/2014\/03\/SOC-DEM-LOGO-NAME.jpg","contentUrl":"https:\/\/www.socdem.org\/wp-content\/uploads\/2014\/03\/SOC-DEM-LOGO-NAME.jpg","width":"8485","height":"4200","caption":"\u00c9cole Socrates-D\u00e9mosth\u00e8ne"},"image":{"@id":"https:\/\/www.socdem.org\/el\/#\/schema\/logo\/image\/"},"sameAs":["https:\/\/www.facebook.com\/TheHCGM\/","https:\/\/www.instagram.com\/p\/BnE965PhJU7\/?hl=en"]}]}},"_links":{"self":[{"href":"https:\/\/www.socdem.org\/el\/wp-json\/wp\/v2\/pages\/4977","targetHints":{"allow":["GET"]}}],"collection":[{"href":"https:\/\/www.socdem.org\/el\/wp-json\/wp\/v2\/pages"}],"about":[{"href":"https:\/\/www.socdem.org\/el\/wp-json\/wp\/v2\/types\/page"}],"author":[{"embeddable":true,"href":"https:\/\/www.socdem.org\/el\/wp-json\/wp\/v2\/users\/2"}],"replies":[{"embeddable":true,"href":"https:\/\/www.socdem.org\/el\/wp-json\/wp\/v2\/comments?post=4977"}],"version-history":[{"count":0,"href":"https:\/\/www.socdem.org\/el\/wp-json\/wp\/v2\/pages\/4977\/revisions"}],"up":[{"embeddable":true,"href":"https:\/\/www.socdem.org\/el\/wp-json\/wp\/v2\/pages\/4915"}],"wp:attachment":[{"href":"https:\/\/www.socdem.org\/el\/wp-json\/wp\/v2\/media?parent=4977"}],"curies":[{"name":"wp","href":"https:\/\/api.w.org\/{rel}","templated":true}]}}