{"id":6966,"date":"2013-10-29T04:19:58","date_gmt":"2013-10-29T08:19:58","guid":{"rendered":"http:\/\/socdem.wpengine.com\/?page_id=6966"},"modified":"2025-09-29T12:45:19","modified_gmt":"2025-09-29T16:45:19","slug":"statistique-de-nos-finissants","status":"publish","type":"page","link":"https:\/\/www.socdem.org\/el\/%ce%b3%ce%b9%ce%b1%cf%84%ce%b9-%ce%bd%ce%b1-%ce%b5%cf%80%ce%b9%ce%bb%ce%b5%ce%be%ce%b5%cf%84%ce%b5-%cf%84%ce%bf-%cf%83%cf%87%ce%bf%ce%bb%ce%b5%ce%b9%ce%bf-%ce%bc%ce%b1%cf%83\/statistique-de-nos-finissants\/","title":{"rendered":"\u03a3\u03a4\u0391\u03a4\u0399\u03a3\u03a4\u0399\u039a\u0395\u03a3 \u03a3\u03a7\u0395\u03a4\u0399\u039a\u0391 \u039c\u0395 \u03a4\u039f\u03a5\u03a3 \u0391\u03a0\u039f\u03a6\u039f\u0399\u03a4\u039f\u03a5\u03a3 \u039c\u0391\u03a3"},"content":{"rendered":"[vc_row type=&#8221;in_container&#8221; full_screen_row_position=&#8221;middle&#8221; column_margin=&#8221;default&#8221; column_direction=&#8221;default&#8221; column_direction_tablet=&#8221;default&#8221; column_direction_phone=&#8221;default&#8221; scene_position=&#8221;center&#8221; text_color=&#8221;dark&#8221; text_align=&#8221;left&#8221; row_border_radius=&#8221;none&#8221; row_border_radius_applies=&#8221;bg&#8221; overlay_strength=&#8221;0.3&#8243; gradient_direction=&#8221;left_to_right&#8221; shape_divider_position=&#8221;bottom&#8221; bg_image_animation=&#8221;none&#8221;][vc_column column_padding=&#8221;no-extra-padding&#8221; column_padding_tablet=&#8221;inherit&#8221; column_padding_phone=&#8221;inherit&#8221; column_padding_position=&#8221;all&#8221; background_color_opacity=&#8221;1&#8243; background_hover_color_opacity=&#8221;1&#8243; column_shadow=&#8221;none&#8221; column_border_radius=&#8221;none&#8221; column_link_target=&#8221;_self&#8221; gradient_direction=&#8221;left_to_right&#8221; overlay_strength=&#8221;0.3&#8243; width=&#8221;1\/1&#8243; tablet_width_inherit=&#8221;default&#8221; tablet_text_alignment=&#8221;default&#8221; phone_text_alignment=&#8221;default&#8221; column_border_width=&#8221;none&#8221; column_border_style=&#8221;solid&#8221; bg_image_animation=&#8221;none&#8221;][divider line_type=&#8221;Full Width Line&#8221; line_thickness=&#8221;3&#8243; divider_color=&#8221;extra-color-1&#8243; animate=&#8221;yes&#8221; custom_height=&#8221;25&#8243;][\/vc_column][\/vc_row][vc_row type=&#8221;in_container&#8221; full_screen_row_position=&#8221;middle&#8221; column_margin=&#8221;default&#8221; column_direction=&#8221;default&#8221; column_direction_tablet=&#8221;default&#8221; column_direction_phone=&#8221;default&#8221; scene_position=&#8221;center&#8221; text_color=&#8221;dark&#8221; text_align=&#8221;left&#8221; row_border_radius=&#8221;none&#8221; row_border_radius_applies=&#8221;bg&#8221; overlay_strength=&#8221;0.3&#8243; gradient_direction=&#8221;left_to_right&#8221; shape_divider_position=&#8221;bottom&#8221; bg_image_animation=&#8221;none&#8221;][vc_column column_padding=&#8221;no-extra-padding&#8221; column_padding_tablet=&#8221;inherit&#8221; column_padding_phone=&#8221;inherit&#8221; column_padding_position=&#8221;all&#8221; background_color_opacity=&#8221;1&#8243; background_hover_color_opacity=&#8221;1&#8243; column_shadow=&#8221;none&#8221; column_border_radius=&#8221;none&#8221; column_link_target=&#8221;_self&#8221; gradient_direction=&#8221;left_to_right&#8221; overlay_strength=&#8221;0.3&#8243; width=&#8221;1\/1&#8243; tablet_width_inherit=&#8221;default&#8221; tablet_text_alignment=&#8221;default&#8221; phone_text_alignment=&#8221;default&#8221; column_border_width=&#8221;none&#8221; column_border_style=&#8221;solid&#8221; bg_image_animation=&#8221;none&#8221;][image_with_animation image_url=&#8221;40142&#8243; animation=&#8221;Fade In&#8221; hover_animation=&#8221;none&#8221; alignment=&#8221;center&#8221; img_link_large=&#8221;yes&#8221; border_radius=&#8221;none&#8221; box_shadow=&#8221;none&#8221; image_loading=&#8221;default&#8221; max_width=&#8221;100%&#8221; max_width_mobile=&#8221;default&#8221;][\/vc_column][\/vc_row]\n","protected":false},"excerpt":{"rendered":"<p>[vc_row type=&#8221;in_container&#8221; full_screen_row_position=&#8221;middle&#8221; column_margin=&#8221;default&#8221; column_direction=&#8221;default&#8221; column_direction_tablet=&#8221;default&#8221; column_direction_phone=&#8221;default&#8221; scene_position=&#8221;center&#8221; text_color=&#8221;dark&#8221; text_align=&#8221;left&#8221; row_border_radius=&#8221;none&#8221; row_border_radius_applies=&#8221;bg&#8221; overlay_strength=&#8221;0.3&#8243; gradient_direction=&#8221;left_to_right&#8221; shape_divider_position=&#8221;bottom&#8221; bg_image_animation=&#8221;none&#8221;][vc_column column_padding=&#8221;no-extra-padding&#8221; column_padding_tablet=&#8221;inherit&#8221; column_padding_phone=&#8221;inherit&#8221; column_padding_position=&#8221;all&#8221; background_color_opacity=&#8221;1&#8243; background_hover_color_opacity=&#8221;1&#8243; column_shadow=&#8221;none&#8221; column_border_radius=&#8221;none&#8221; column_link_target=&#8221;_self&#8221; gradient_direction=&#8221;left_to_right&#8221; overlay_strength=&#8221;0.3&#8243; width=&#8221;1\/1&#8243; tablet_width_inherit=&#8221;default&#8221; tablet_text_alignment=&#8221;default&#8221;&#8230;<\/p>\n","protected":false},"author":2,"featured_media":0,"parent":4765,"menu_order":0,"comment_status":"closed","ping_status":"closed","template":"","meta":{"_monsterinsights_skip_tracking":false,"_monsterinsights_sitenote_active":false,"_monsterinsights_sitenote_note":"","_monsterinsights_sitenote_category":0,"footnotes":""},"class_list":["post-6966","page","type-page","status-publish"],"yoast_head":"<!-- This site is optimized with the Yoast SEO plugin v27.5 - https:\/\/yoast.com\/product\/yoast-seo-wordpress\/ -->\n<title>\u03a3\u03a4\u0391\u03a4\u0399\u03a3\u03a4\u0399\u039a\u0395\u03a3 \u03a3\u03a7\u0395\u03a4\u0399\u039a\u0391 \u039c\u0395 \u03a4\u039f\u03a5\u03a3 \u0391\u03a0\u039f\u03a6\u039f\u0399\u03a4\u039f\u03a5\u03a3 \u039c\u0391\u03a3 - \u0394\u03b7\u03bc\u03bf\u03c4\u03b9\u03ba\u03cc \u03c3\u03c7\u03bf\u03bb\u03b5\u03af\u03bf \u03a3\u03c9\u03ba\u03c1\u03ac\u03c4\u03b7\u03c2 \u03ba\u03b1\u03b9 \u0394\u03b7\u03bc\u03bf\u03c3\u03b8\u03ad\u03bd\u03b7\u03c2<\/title>\n<meta name=\"robots\" content=\"index, follow, max-snippet:-1, max-image-preview:large, max-video-preview:-1\" \/>\n<link rel=\"canonical\" href=\"https:\/\/www.socdem.org\/el\/\u03b3\u03b9\u03b1\u03c4\u03b9-\u03bd\u03b1-\u03b5\u03c0\u03b9\u03bb\u03b5\u03be\u03b5\u03c4\u03b5-\u03c4\u03bf-\u03c3\u03c7\u03bf\u03bb\u03b5\u03b9\u03bf-\u03bc\u03b1\u03c3\/statistique-de-nos-finissants\/\" \/>\n<meta property=\"og:locale\" content=\"el_GR\" \/>\n<meta property=\"og:type\" content=\"article\" \/>\n<meta property=\"og:title\" content=\"\u03a3\u03a4\u0391\u03a4\u0399\u03a3\u03a4\u0399\u039a\u0395\u03a3 \u03a3\u03a7\u0395\u03a4\u0399\u039a\u0391 \u039c\u0395 \u03a4\u039f\u03a5\u03a3 \u0391\u03a0\u039f\u03a6\u039f\u0399\u03a4\u039f\u03a5\u03a3 \u039c\u0391\u03a3 - \u0394\u03b7\u03bc\u03bf\u03c4\u03b9\u03ba\u03cc \u03c3\u03c7\u03bf\u03bb\u03b5\u03af\u03bf \u03a3\u03c9\u03ba\u03c1\u03ac\u03c4\u03b7\u03c2 \u03ba\u03b1\u03b9 \u0394\u03b7\u03bc\u03bf\u03c3\u03b8\u03ad\u03bd\u03b7\u03c2\" \/>\n<meta property=\"og:description\" content=\"[vc_row type=&#8221;in_container&#8221; full_screen_row_position=&#8221;middle&#8221; column_margin=&#8221;default&#8221; column_direction=&#8221;default&#8221; column_direction_tablet=&#8221;default&#8221; column_direction_phone=&#8221;default&#8221; scene_position=&#8221;center&#8221; text_color=&#8221;dark&#8221; text_align=&#8221;left&#8221; row_border_radius=&#8221;none&#8221; row_border_radius_applies=&#8221;bg&#8221; overlay_strength=&#8221;0.3&#8243; gradient_direction=&#8221;left_to_right&#8221; shape_divider_position=&#8221;bottom&#8221; bg_image_animation=&#8221;none&#8221;][vc_column column_padding=&#8221;no-extra-padding&#8221; column_padding_tablet=&#8221;inherit&#8221; column_padding_phone=&#8221;inherit&#8221; column_padding_position=&#8221;all&#8221; background_color_opacity=&#8221;1&#8243; background_hover_color_opacity=&#8221;1&#8243; column_shadow=&#8221;none&#8221; column_border_radius=&#8221;none&#8221; column_link_target=&#8221;_self&#8221; gradient_direction=&#8221;left_to_right&#8221; overlay_strength=&#8221;0.3&#8243; width=&#8221;1\/1&#8243; tablet_width_inherit=&#8221;default&#8221; tablet_text_alignment=&#8221;default&#8221;...\" \/>\n<meta property=\"og:url\" content=\"https:\/\/www.socdem.org\/el\/\u03b3\u03b9\u03b1\u03c4\u03b9-\u03bd\u03b1-\u03b5\u03c0\u03b9\u03bb\u03b5\u03be\u03b5\u03c4\u03b5-\u03c4\u03bf-\u03c3\u03c7\u03bf\u03bb\u03b5\u03b9\u03bf-\u03bc\u03b1\u03c3\/statistique-de-nos-finissants\/\" \/>\n<meta property=\"og:site_name\" content=\"\u0394\u03b7\u03bc\u03bf\u03c4\u03b9\u03ba\u03cc \u03c3\u03c7\u03bf\u03bb\u03b5\u03af\u03bf \u03a3\u03c9\u03ba\u03c1\u03ac\u03c4\u03b7\u03c2 \u03ba\u03b1\u03b9 \u0394\u03b7\u03bc\u03bf\u03c3\u03b8\u03ad\u03bd\u03b7\u03c2\" \/>\n<meta property=\"article:publisher\" content=\"https:\/\/www.facebook.com\/TheHCGM\/\" \/>\n<meta property=\"article:modified_time\" content=\"2025-09-29T16:45:19+00:00\" \/>\n<meta name=\"twitter:card\" content=\"summary_large_image\" \/>\n<meta name=\"twitter:label1\" content=\"\u0395\u03ba\u03c4\u03b9\u03bc\u03ce\u03bc\u03b5\u03bd\u03bf\u03c2 \u03c7\u03c1\u03cc\u03bd\u03bf\u03c2 \u03b1\u03bd\u03ac\u03b3\u03bd\u03c9\u03c3\u03b7\u03c2\" \/>\n\t<meta name=\"twitter:data1\" content=\"1 \u03bb\u03b5\u03c0\u03c4\u03cc\" \/>\n<script type=\"application\/ld+json\" class=\"yoast-schema-graph\">{\"@context\":\"https:\\\/\\\/schema.org\",\"@graph\":[{\"@type\":\"WebPage\",\"@id\":\"https:\\\/\\\/www.socdem.org\\\/el\\\/%ce%b3%ce%b9%ce%b1%cf%84%ce%b9-%ce%bd%ce%b1-%ce%b5%cf%80%ce%b9%ce%bb%ce%b5%ce%be%ce%b5%cf%84%ce%b5-%cf%84%ce%bf-%cf%83%cf%87%ce%bf%ce%bb%ce%b5%ce%b9%ce%bf-%ce%bc%ce%b1%cf%83\\\/statistique-de-nos-finissants\\\/\",\"url\":\"https:\\\/\\\/www.socdem.org\\\/el\\\/%ce%b3%ce%b9%ce%b1%cf%84%ce%b9-%ce%bd%ce%b1-%ce%b5%cf%80%ce%b9%ce%bb%ce%b5%ce%be%ce%b5%cf%84%ce%b5-%cf%84%ce%bf-%cf%83%cf%87%ce%bf%ce%bb%ce%b5%ce%b9%ce%bf-%ce%bc%ce%b1%cf%83\\\/statistique-de-nos-finissants\\\/\",\"name\":\"\u03a3\u03a4\u0391\u03a4\u0399\u03a3\u03a4\u0399\u039a\u0395\u03a3 \u03a3\u03a7\u0395\u03a4\u0399\u039a\u0391 \u039c\u0395 \u03a4\u039f\u03a5\u03a3 \u0391\u03a0\u039f\u03a6\u039f\u0399\u03a4\u039f\u03a5\u03a3 \u039c\u0391\u03a3 - \u0394\u03b7\u03bc\u03bf\u03c4\u03b9\u03ba\u03cc \u03c3\u03c7\u03bf\u03bb\u03b5\u03af\u03bf \u03a3\u03c9\u03ba\u03c1\u03ac\u03c4\u03b7\u03c2 \u03ba\u03b1\u03b9 \u0394\u03b7\u03bc\u03bf\u03c3\u03b8\u03ad\u03bd\u03b7\u03c2\",\"isPartOf\":{\"@id\":\"https:\\\/\\\/www.socdem.org\\\/el\\\/#website\"},\"datePublished\":\"2013-10-29T08:19:58+00:00\",\"dateModified\":\"2025-09-29T16:45:19+00:00\",\"breadcrumb\":{\"@id\":\"https:\\\/\\\/www.socdem.org\\\/el\\\/%ce%b3%ce%b9%ce%b1%cf%84%ce%b9-%ce%bd%ce%b1-%ce%b5%cf%80%ce%b9%ce%bb%ce%b5%ce%be%ce%b5%cf%84%ce%b5-%cf%84%ce%bf-%cf%83%cf%87%ce%bf%ce%bb%ce%b5%ce%b9%ce%bf-%ce%bc%ce%b1%cf%83\\\/statistique-de-nos-finissants\\\/#breadcrumb\"},\"inLanguage\":\"el\",\"potentialAction\":[{\"@type\":\"ReadAction\",\"target\":[\"https:\\\/\\\/www.socdem.org\\\/el\\\/%ce%b3%ce%b9%ce%b1%cf%84%ce%b9-%ce%bd%ce%b1-%ce%b5%cf%80%ce%b9%ce%bb%ce%b5%ce%be%ce%b5%cf%84%ce%b5-%cf%84%ce%bf-%cf%83%cf%87%ce%bf%ce%bb%ce%b5%ce%b9%ce%bf-%ce%bc%ce%b1%cf%83\\\/statistique-de-nos-finissants\\\/\"]}]},{\"@type\":\"BreadcrumbList\",\"@id\":\"https:\\\/\\\/www.socdem.org\\\/el\\\/%ce%b3%ce%b9%ce%b1%cf%84%ce%b9-%ce%bd%ce%b1-%ce%b5%cf%80%ce%b9%ce%bb%ce%b5%ce%be%ce%b5%cf%84%ce%b5-%cf%84%ce%bf-%cf%83%cf%87%ce%bf%ce%bb%ce%b5%ce%b9%ce%bf-%ce%bc%ce%b1%cf%83\\\/statistique-de-nos-finissants\\\/#breadcrumb\",\"itemListElement\":[{\"@type\":\"ListItem\",\"position\":1,\"name\":\"Accueil\",\"item\":\"https:\\\/\\\/www.socdem.org\\\/el\\\/\"},{\"@type\":\"ListItem\",\"position\":2,\"name\":\"\u0393\u0399\u0391\u03a4\u0399 \u039d\u0391 \u0395\u03a0\u0399\u039b\u0395\u039e\u0395\u03a4\u0395 \u03a4\u039f \u03a3\u03a7\u039f\u039b\u0395\u0399\u039f \u039c\u0391\u03a3\",\"item\":\"https:\\\/\\\/www.socdem.org\\\/el\\\/%ce%b3%ce%b9%ce%b1%cf%84%ce%b9-%ce%bd%ce%b1-%ce%b5%cf%80%ce%b9%ce%bb%ce%b5%ce%be%ce%b5%cf%84%ce%b5-%cf%84%ce%bf-%cf%83%cf%87%ce%bf%ce%bb%ce%b5%ce%b9%ce%bf-%ce%bc%ce%b1%cf%83\\\/\"},{\"@type\":\"ListItem\",\"position\":3,\"name\":\"\u03a3\u03a4\u0391\u03a4\u0399\u03a3\u03a4\u0399\u039a\u0395\u03a3 \u03a3\u03a7\u0395\u03a4\u0399\u039a\u0391 \u039c\u0395 \u03a4\u039f\u03a5\u03a3 \u0391\u03a0\u039f\u03a6\u039f\u0399\u03a4\u039f\u03a5\u03a3 \u039c\u0391\u03a3\"}]},{\"@type\":\"WebSite\",\"@id\":\"https:\\\/\\\/www.socdem.org\\\/el\\\/#website\",\"url\":\"https:\\\/\\\/www.socdem.org\\\/el\\\/\",\"name\":\"\u00c9cole Socrates-D\u00e9mosth\u00e8ne\",\"description\":\"\u03a0\u03ad\u03bd\u03c4\u03b5 \u03c4\u03c1\u03af\u03b3\u03bb\u03c9\u03c3\u03c3\u03b1 \u03b5\u03bb\u03bb\u03b7\u03bd\u03b9\u03ba\u03ac \u03b4\u03b7\u03bc\u03bf\u03c4\u03b9\u03ba\u03ac \u03c3\u03c7\u03bf\u03bb\u03b5\u03af\u03b1 \u03c4\u03bf\u03c5 \u039c\u03b5\u03b3\u03b1\u03bb\u03cd\u03c4\u03b5\u03c1\u03bf\u03c5 \u039c\u03bf\u03bd\u03c4\u03c1\u03b5\u03ac\u03bb\",\"publisher\":{\"@id\":\"https:\\\/\\\/www.socdem.org\\\/el\\\/#organization\"},\"potentialAction\":[{\"@type\":\"SearchAction\",\"target\":{\"@type\":\"EntryPoint\",\"urlTemplate\":\"https:\\\/\\\/www.socdem.org\\\/el\\\/?s={search_term_string}\"},\"query-input\":{\"@type\":\"PropertyValueSpecification\",\"valueRequired\":true,\"valueName\":\"search_term_string\"}}],\"inLanguage\":\"el\"},{\"@type\":\"Organization\",\"@id\":\"https:\\\/\\\/www.socdem.org\\\/el\\\/#organization\",\"name\":\"\u00c9cole Socrates-D\u00e9mosth\u00e8ne\",\"url\":\"https:\\\/\\\/www.socdem.org\\\/el\\\/\",\"logo\":{\"@type\":\"ImageObject\",\"inLanguage\":\"el\",\"@id\":\"https:\\\/\\\/www.socdem.org\\\/el\\\/#\\\/schema\\\/logo\\\/image\\\/\",\"url\":\"https:\\\/\\\/www.socdem.org\\\/wp-content\\\/uploads\\\/2014\\\/03\\\/SOC-DEM-LOGO-NAME.jpg\",\"contentUrl\":\"https:\\\/\\\/www.socdem.org\\\/wp-content\\\/uploads\\\/2014\\\/03\\\/SOC-DEM-LOGO-NAME.jpg\",\"width\":\"8485\",\"height\":\"4200\",\"caption\":\"\u00c9cole Socrates-D\u00e9mosth\u00e8ne\"},\"image\":{\"@id\":\"https:\\\/\\\/www.socdem.org\\\/el\\\/#\\\/schema\\\/logo\\\/image\\\/\"},\"sameAs\":[\"https:\\\/\\\/www.facebook.com\\\/TheHCGM\\\/\",\"https:\\\/\\\/www.instagram.com\\\/p\\\/BnE965PhJU7\\\/?hl=en\"]}]}<\/script>\n<!-- \/ Yoast SEO plugin. -->","yoast_head_json":{"title":"\u03a3\u03a4\u0391\u03a4\u0399\u03a3\u03a4\u0399\u039a\u0395\u03a3 \u03a3\u03a7\u0395\u03a4\u0399\u039a\u0391 \u039c\u0395 \u03a4\u039f\u03a5\u03a3 \u0391\u03a0\u039f\u03a6\u039f\u0399\u03a4\u039f\u03a5\u03a3 \u039c\u0391\u03a3 - \u0394\u03b7\u03bc\u03bf\u03c4\u03b9\u03ba\u03cc \u03c3\u03c7\u03bf\u03bb\u03b5\u03af\u03bf \u03a3\u03c9\u03ba\u03c1\u03ac\u03c4\u03b7\u03c2 \u03ba\u03b1\u03b9 \u0394\u03b7\u03bc\u03bf\u03c3\u03b8\u03ad\u03bd\u03b7\u03c2","robots":{"index":"index","follow":"follow","max-snippet":"max-snippet:-1","max-image-preview":"max-image-preview:large","max-video-preview":"max-video-preview:-1"},"canonical":"https:\/\/www.socdem.org\/el\/\u03b3\u03b9\u03b1\u03c4\u03b9-\u03bd\u03b1-\u03b5\u03c0\u03b9\u03bb\u03b5\u03be\u03b5\u03c4\u03b5-\u03c4\u03bf-\u03c3\u03c7\u03bf\u03bb\u03b5\u03b9\u03bf-\u03bc\u03b1\u03c3\/statistique-de-nos-finissants\/","og_locale":"el_GR","og_type":"article","og_title":"\u03a3\u03a4\u0391\u03a4\u0399\u03a3\u03a4\u0399\u039a\u0395\u03a3 \u03a3\u03a7\u0395\u03a4\u0399\u039a\u0391 \u039c\u0395 \u03a4\u039f\u03a5\u03a3 \u0391\u03a0\u039f\u03a6\u039f\u0399\u03a4\u039f\u03a5\u03a3 \u039c\u0391\u03a3 - \u0394\u03b7\u03bc\u03bf\u03c4\u03b9\u03ba\u03cc \u03c3\u03c7\u03bf\u03bb\u03b5\u03af\u03bf \u03a3\u03c9\u03ba\u03c1\u03ac\u03c4\u03b7\u03c2 \u03ba\u03b1\u03b9 \u0394\u03b7\u03bc\u03bf\u03c3\u03b8\u03ad\u03bd\u03b7\u03c2","og_description":"[vc_row type=&#8221;in_container&#8221; full_screen_row_position=&#8221;middle&#8221; column_margin=&#8221;default&#8221; column_direction=&#8221;default&#8221; column_direction_tablet=&#8221;default&#8221; column_direction_phone=&#8221;default&#8221; scene_position=&#8221;center&#8221; text_color=&#8221;dark&#8221; text_align=&#8221;left&#8221; row_border_radius=&#8221;none&#8221; row_border_radius_applies=&#8221;bg&#8221; overlay_strength=&#8221;0.3&#8243; gradient_direction=&#8221;left_to_right&#8221; shape_divider_position=&#8221;bottom&#8221; bg_image_animation=&#8221;none&#8221;][vc_column column_padding=&#8221;no-extra-padding&#8221; column_padding_tablet=&#8221;inherit&#8221; column_padding_phone=&#8221;inherit&#8221; column_padding_position=&#8221;all&#8221; background_color_opacity=&#8221;1&#8243; background_hover_color_opacity=&#8221;1&#8243; column_shadow=&#8221;none&#8221; column_border_radius=&#8221;none&#8221; column_link_target=&#8221;_self&#8221; gradient_direction=&#8221;left_to_right&#8221; overlay_strength=&#8221;0.3&#8243; width=&#8221;1\/1&#8243; tablet_width_inherit=&#8221;default&#8221; tablet_text_alignment=&#8221;default&#8221;...","og_url":"https:\/\/www.socdem.org\/el\/\u03b3\u03b9\u03b1\u03c4\u03b9-\u03bd\u03b1-\u03b5\u03c0\u03b9\u03bb\u03b5\u03be\u03b5\u03c4\u03b5-\u03c4\u03bf-\u03c3\u03c7\u03bf\u03bb\u03b5\u03b9\u03bf-\u03bc\u03b1\u03c3\/statistique-de-nos-finissants\/","og_site_name":"\u0394\u03b7\u03bc\u03bf\u03c4\u03b9\u03ba\u03cc \u03c3\u03c7\u03bf\u03bb\u03b5\u03af\u03bf \u03a3\u03c9\u03ba\u03c1\u03ac\u03c4\u03b7\u03c2 \u03ba\u03b1\u03b9 \u0394\u03b7\u03bc\u03bf\u03c3\u03b8\u03ad\u03bd\u03b7\u03c2","article_publisher":"https:\/\/www.facebook.com\/TheHCGM\/","article_modified_time":"2025-09-29T16:45:19+00:00","twitter_card":"summary_large_image","twitter_misc":{"\u0395\u03ba\u03c4\u03b9\u03bc\u03ce\u03bc\u03b5\u03bd\u03bf\u03c2 \u03c7\u03c1\u03cc\u03bd\u03bf\u03c2 \u03b1\u03bd\u03ac\u03b3\u03bd\u03c9\u03c3\u03b7\u03c2":"1 \u03bb\u03b5\u03c0\u03c4\u03cc"},"schema":{"@context":"https:\/\/schema.org","@graph":[{"@type":"WebPage","@id":"https:\/\/www.socdem.org\/el\/%ce%b3%ce%b9%ce%b1%cf%84%ce%b9-%ce%bd%ce%b1-%ce%b5%cf%80%ce%b9%ce%bb%ce%b5%ce%be%ce%b5%cf%84%ce%b5-%cf%84%ce%bf-%cf%83%cf%87%ce%bf%ce%bb%ce%b5%ce%b9%ce%bf-%ce%bc%ce%b1%cf%83\/statistique-de-nos-finissants\/","url":"https:\/\/www.socdem.org\/el\/%ce%b3%ce%b9%ce%b1%cf%84%ce%b9-%ce%bd%ce%b1-%ce%b5%cf%80%ce%b9%ce%bb%ce%b5%ce%be%ce%b5%cf%84%ce%b5-%cf%84%ce%bf-%cf%83%cf%87%ce%bf%ce%bb%ce%b5%ce%b9%ce%bf-%ce%bc%ce%b1%cf%83\/statistique-de-nos-finissants\/","name":"\u03a3\u03a4\u0391\u03a4\u0399\u03a3\u03a4\u0399\u039a\u0395\u03a3 \u03a3\u03a7\u0395\u03a4\u0399\u039a\u0391 \u039c\u0395 \u03a4\u039f\u03a5\u03a3 \u0391\u03a0\u039f\u03a6\u039f\u0399\u03a4\u039f\u03a5\u03a3 \u039c\u0391\u03a3 - \u0394\u03b7\u03bc\u03bf\u03c4\u03b9\u03ba\u03cc \u03c3\u03c7\u03bf\u03bb\u03b5\u03af\u03bf \u03a3\u03c9\u03ba\u03c1\u03ac\u03c4\u03b7\u03c2 \u03ba\u03b1\u03b9 \u0394\u03b7\u03bc\u03bf\u03c3\u03b8\u03ad\u03bd\u03b7\u03c2","isPartOf":{"@id":"https:\/\/www.socdem.org\/el\/#website"},"datePublished":"2013-10-29T08:19:58+00:00","dateModified":"2025-09-29T16:45:19+00:00","breadcrumb":{"@id":"https:\/\/www.socdem.org\/el\/%ce%b3%ce%b9%ce%b1%cf%84%ce%b9-%ce%bd%ce%b1-%ce%b5%cf%80%ce%b9%ce%bb%ce%b5%ce%be%ce%b5%cf%84%ce%b5-%cf%84%ce%bf-%cf%83%cf%87%ce%bf%ce%bb%ce%b5%ce%b9%ce%bf-%ce%bc%ce%b1%cf%83\/statistique-de-nos-finissants\/#breadcrumb"},"inLanguage":"el","potentialAction":[{"@type":"ReadAction","target":["https:\/\/www.socdem.org\/el\/%ce%b3%ce%b9%ce%b1%cf%84%ce%b9-%ce%bd%ce%b1-%ce%b5%cf%80%ce%b9%ce%bb%ce%b5%ce%be%ce%b5%cf%84%ce%b5-%cf%84%ce%bf-%cf%83%cf%87%ce%bf%ce%bb%ce%b5%ce%b9%ce%bf-%ce%bc%ce%b1%cf%83\/statistique-de-nos-finissants\/"]}]},{"@type":"BreadcrumbList","@id":"https:\/\/www.socdem.org\/el\/%ce%b3%ce%b9%ce%b1%cf%84%ce%b9-%ce%bd%ce%b1-%ce%b5%cf%80%ce%b9%ce%bb%ce%b5%ce%be%ce%b5%cf%84%ce%b5-%cf%84%ce%bf-%cf%83%cf%87%ce%bf%ce%bb%ce%b5%ce%b9%ce%bf-%ce%bc%ce%b1%cf%83\/statistique-de-nos-finissants\/#breadcrumb","itemListElement":[{"@type":"ListItem","position":1,"name":"Accueil","item":"https:\/\/www.socdem.org\/el\/"},{"@type":"ListItem","position":2,"name":"\u0393\u0399\u0391\u03a4\u0399 \u039d\u0391 \u0395\u03a0\u0399\u039b\u0395\u039e\u0395\u03a4\u0395 \u03a4\u039f \u03a3\u03a7\u039f\u039b\u0395\u0399\u039f \u039c\u0391\u03a3","item":"https:\/\/www.socdem.org\/el\/%ce%b3%ce%b9%ce%b1%cf%84%ce%b9-%ce%bd%ce%b1-%ce%b5%cf%80%ce%b9%ce%bb%ce%b5%ce%be%ce%b5%cf%84%ce%b5-%cf%84%ce%bf-%cf%83%cf%87%ce%bf%ce%bb%ce%b5%ce%b9%ce%bf-%ce%bc%ce%b1%cf%83\/"},{"@type":"ListItem","position":3,"name":"\u03a3\u03a4\u0391\u03a4\u0399\u03a3\u03a4\u0399\u039a\u0395\u03a3 \u03a3\u03a7\u0395\u03a4\u0399\u039a\u0391 \u039c\u0395 \u03a4\u039f\u03a5\u03a3 \u0391\u03a0\u039f\u03a6\u039f\u0399\u03a4\u039f\u03a5\u03a3 \u039c\u0391\u03a3"}]},{"@type":"WebSite","@id":"https:\/\/www.socdem.org\/el\/#website","url":"https:\/\/www.socdem.org\/el\/","name":"\u00c9cole Socrates-D\u00e9mosth\u00e8ne","description":"\u03a0\u03ad\u03bd\u03c4\u03b5 \u03c4\u03c1\u03af\u03b3\u03bb\u03c9\u03c3\u03c3\u03b1 \u03b5\u03bb\u03bb\u03b7\u03bd\u03b9\u03ba\u03ac \u03b4\u03b7\u03bc\u03bf\u03c4\u03b9\u03ba\u03ac \u03c3\u03c7\u03bf\u03bb\u03b5\u03af\u03b1 \u03c4\u03bf\u03c5 \u039c\u03b5\u03b3\u03b1\u03bb\u03cd\u03c4\u03b5\u03c1\u03bf\u03c5 \u039c\u03bf\u03bd\u03c4\u03c1\u03b5\u03ac\u03bb","publisher":{"@id":"https:\/\/www.socdem.org\/el\/#organization"},"potentialAction":[{"@type":"SearchAction","target":{"@type":"EntryPoint","urlTemplate":"https:\/\/www.socdem.org\/el\/?s={search_term_string}"},"query-input":{"@type":"PropertyValueSpecification","valueRequired":true,"valueName":"search_term_string"}}],"inLanguage":"el"},{"@type":"Organization","@id":"https:\/\/www.socdem.org\/el\/#organization","name":"\u00c9cole Socrates-D\u00e9mosth\u00e8ne","url":"https:\/\/www.socdem.org\/el\/","logo":{"@type":"ImageObject","inLanguage":"el","@id":"https:\/\/www.socdem.org\/el\/#\/schema\/logo\/image\/","url":"https:\/\/www.socdem.org\/wp-content\/uploads\/2014\/03\/SOC-DEM-LOGO-NAME.jpg","contentUrl":"https:\/\/www.socdem.org\/wp-content\/uploads\/2014\/03\/SOC-DEM-LOGO-NAME.jpg","width":"8485","height":"4200","caption":"\u00c9cole Socrates-D\u00e9mosth\u00e8ne"},"image":{"@id":"https:\/\/www.socdem.org\/el\/#\/schema\/logo\/image\/"},"sameAs":["https:\/\/www.facebook.com\/TheHCGM\/","https:\/\/www.instagram.com\/p\/BnE965PhJU7\/?hl=en"]}]}},"_links":{"self":[{"href":"https:\/\/www.socdem.org\/el\/wp-json\/wp\/v2\/pages\/6966","targetHints":{"allow":["GET"]}}],"collection":[{"href":"https:\/\/www.socdem.org\/el\/wp-json\/wp\/v2\/pages"}],"about":[{"href":"https:\/\/www.socdem.org\/el\/wp-json\/wp\/v2\/types\/page"}],"author":[{"embeddable":true,"href":"https:\/\/www.socdem.org\/el\/wp-json\/wp\/v2\/users\/2"}],"replies":[{"embeddable":true,"href":"https:\/\/www.socdem.org\/el\/wp-json\/wp\/v2\/comments?post=6966"}],"version-history":[{"count":11,"href":"https:\/\/www.socdem.org\/el\/wp-json\/wp\/v2\/pages\/6966\/revisions"}],"predecessor-version":[{"id":40146,"href":"https:\/\/www.socdem.org\/el\/wp-json\/wp\/v2\/pages\/6966\/revisions\/40146"}],"up":[{"embeddable":true,"href":"https:\/\/www.socdem.org\/el\/wp-json\/wp\/v2\/pages\/4765"}],"wp:attachment":[{"href":"https:\/\/www.socdem.org\/el\/wp-json\/wp\/v2\/media?parent=6966"}],"curies":[{"name":"wp","href":"https:\/\/api.w.org\/{rel}","templated":true}]}}