{"id":4383,"date":"2013-09-27T01:13:00","date_gmt":"2013-09-27T05:13:00","guid":{"rendered":"http:\/\/socdem.wpengine.com\/?page_id=4383"},"modified":"2018-11-02T11:06:48","modified_gmt":"2018-11-02T15:06:48","slug":"interactive-tables","status":"publish","type":"page","link":"https:\/\/www.socdem.org\/en\/why-our-school\/services\/interactive-tables\/","title":{"rendered":"INTERACTIVE WHITEBOARDS"},"content":{"rendered":"<h5>The interactive whiteboard (IWB) is a great motivational tool for the classroom. Students are happy to use it, as they find courses much more pleasant and dynamic.<\/h5>\n<p>The interactive whiteboard is a touchscreen that works with a computer connected to a projector. The computer\u2019s desktop image is projected on the interactive whiteboard, which then acts as a screen. With the use of a stylus, users can write, draw, or create a table on the screen. They can also use their fingers to click, move and drag objects on the screen. In this case, the fingers replace the mouse generally used with the computer. They can also work from a digital keyboard to write in block capitals (typography).<\/p>\n<p>It is therefore possible to run all applications usually installed in a computer. Students can therefore create text or audio-video documents, then save and archive them. This helps keep track of the work done in class and consult it when needed. In addition, if the display is linked to a computer connected to the Internet, it becomes possible to browse various websites, to be part of social networks and exchange emails. In brief, it is a multipurpose tool that can support the daily teaching of all subjects by providing students with a multitude of resources to achieve excellent learning.<\/p>\n<p>All our campuses are now equipped with several interactive whiteboards.<\/p>\n","protected":false},"excerpt":{"rendered":"<p>The interactive whiteboard (IWB) is a great motivational tool for the classroom. Students are happy to use it, as they find courses much more pleasant and dynamic. The interactive whiteboard&#8230;<\/p>\n","protected":false},"author":2,"featured_media":0,"parent":4370,"menu_order":0,"comment_status":"closed","ping_status":"closed","template":"","meta":{"_monsterinsights_skip_tracking":false,"_monsterinsights_sitenote_active":false,"_monsterinsights_sitenote_note":"","_monsterinsights_sitenote_category":0,"footnotes":""},"class_list":["post-4383","page","type-page","status-publish"],"yoast_head":"<!-- This site is optimized with the Yoast SEO plugin v27.5 - https:\/\/yoast.com\/product\/yoast-seo-wordpress\/ -->\n<title>INTERACTIVE WHITEBOARDS - Primary School Socrates and Demosthenes<\/title>\n<meta name=\"robots\" content=\"index, follow, max-snippet:-1, max-image-preview:large, max-video-preview:-1\" \/>\n<link rel=\"canonical\" href=\"https:\/\/www.socdem.org\/en\/why-our-school\/services\/interactive-tables\/\" \/>\n<meta property=\"og:locale\" content=\"en_US\" \/>\n<meta property=\"og:type\" content=\"article\" \/>\n<meta property=\"og:title\" content=\"INTERACTIVE WHITEBOARDS - Primary School Socrates and Demosthenes\" \/>\n<meta property=\"og:description\" content=\"The interactive whiteboard (IWB) is a great motivational tool for the classroom. Students are happy to use it, as they find courses much more pleasant and dynamic. The interactive whiteboard...\" \/>\n<meta property=\"og:url\" content=\"https:\/\/www.socdem.org\/en\/why-our-school\/services\/interactive-tables\/\" \/>\n<meta property=\"og:site_name\" content=\"Primary School Socrates and Demosthenes\" \/>\n<meta property=\"article:publisher\" content=\"https:\/\/www.facebook.com\/TheHCGM\/\" \/>\n<meta property=\"article:modified_time\" content=\"2018-11-02T15:06:48+00:00\" \/>\n<meta name=\"twitter:card\" content=\"summary_large_image\" \/>\n<meta name=\"twitter:label1\" content=\"Est. reading time\" \/>\n\t<meta name=\"twitter:data1\" content=\"1 minute\" \/>\n<script type=\"application\/ld+json\" class=\"yoast-schema-graph\">{\"@context\":\"https:\\\/\\\/schema.org\",\"@graph\":[{\"@type\":\"WebPage\",\"@id\":\"https:\\\/\\\/www.socdem.org\\\/en\\\/why-our-school\\\/services\\\/interactive-tables\\\/\",\"url\":\"https:\\\/\\\/www.socdem.org\\\/en\\\/why-our-school\\\/services\\\/interactive-tables\\\/\",\"name\":\"INTERACTIVE WHITEBOARDS - Primary School Socrates and Demosthenes\",\"isPartOf\":{\"@id\":\"https:\\\/\\\/www.socdem.org\\\/en\\\/#website\"},\"datePublished\":\"2013-09-27T05:13:00+00:00\",\"dateModified\":\"2018-11-02T15:06:48+00:00\",\"breadcrumb\":{\"@id\":\"https:\\\/\\\/www.socdem.org\\\/en\\\/why-our-school\\\/services\\\/interactive-tables\\\/#breadcrumb\"},\"inLanguage\":\"en-US\",\"potentialAction\":[{\"@type\":\"ReadAction\",\"target\":[\"https:\\\/\\\/www.socdem.org\\\/en\\\/why-our-school\\\/services\\\/interactive-tables\\\/\"]}]},{\"@type\":\"BreadcrumbList\",\"@id\":\"https:\\\/\\\/www.socdem.org\\\/en\\\/why-our-school\\\/services\\\/interactive-tables\\\/#breadcrumb\",\"itemListElement\":[{\"@type\":\"ListItem\",\"position\":1,\"name\":\"Accueil\",\"item\":\"https:\\\/\\\/www.socdem.org\\\/en\\\/\"},{\"@type\":\"ListItem\",\"position\":2,\"name\":\"WHY OUR SCHOOL\",\"item\":\"https:\\\/\\\/www.socdem.org\\\/en\\\/why-our-school\\\/\"},{\"@type\":\"ListItem\",\"position\":3,\"name\":\"SERVICES\",\"item\":\"https:\\\/\\\/www.socdem.org\\\/en\\\/why-our-school\\\/services\\\/\"},{\"@type\":\"ListItem\",\"position\":4,\"name\":\"INTERACTIVE WHITEBOARDS\"}]},{\"@type\":\"WebSite\",\"@id\":\"https:\\\/\\\/www.socdem.org\\\/en\\\/#website\",\"url\":\"https:\\\/\\\/www.socdem.org\\\/en\\\/\",\"name\":\"\u00c9cole Socrates-D\u00e9mosth\u00e8ne\",\"description\":\"Five trilingual greek primary schools of Greater Montreal.\",\"publisher\":{\"@id\":\"https:\\\/\\\/www.socdem.org\\\/en\\\/#organization\"},\"potentialAction\":[{\"@type\":\"SearchAction\",\"target\":{\"@type\":\"EntryPoint\",\"urlTemplate\":\"https:\\\/\\\/www.socdem.org\\\/en\\\/?s={search_term_string}\"},\"query-input\":{\"@type\":\"PropertyValueSpecification\",\"valueRequired\":true,\"valueName\":\"search_term_string\"}}],\"inLanguage\":\"en-US\"},{\"@type\":\"Organization\",\"@id\":\"https:\\\/\\\/www.socdem.org\\\/en\\\/#organization\",\"name\":\"\u00c9cole Socrates-D\u00e9mosth\u00e8ne\",\"url\":\"https:\\\/\\\/www.socdem.org\\\/en\\\/\",\"logo\":{\"@type\":\"ImageObject\",\"inLanguage\":\"en-US\",\"@id\":\"https:\\\/\\\/www.socdem.org\\\/en\\\/#\\\/schema\\\/logo\\\/image\\\/\",\"url\":\"https:\\\/\\\/www.socdem.org\\\/wp-content\\\/uploads\\\/2014\\\/03\\\/SOC-DEM-LOGO-NAME.jpg\",\"contentUrl\":\"https:\\\/\\\/www.socdem.org\\\/wp-content\\\/uploads\\\/2014\\\/03\\\/SOC-DEM-LOGO-NAME.jpg\",\"width\":\"8485\",\"height\":\"4200\",\"caption\":\"\u00c9cole Socrates-D\u00e9mosth\u00e8ne\"},\"image\":{\"@id\":\"https:\\\/\\\/www.socdem.org\\\/en\\\/#\\\/schema\\\/logo\\\/image\\\/\"},\"sameAs\":[\"https:\\\/\\\/www.facebook.com\\\/TheHCGM\\\/\",\"https:\\\/\\\/www.instagram.com\\\/p\\\/BnE965PhJU7\\\/?hl=en\"]}]}<\/script>\n<!-- \/ Yoast SEO plugin. -->","yoast_head_json":{"title":"INTERACTIVE WHITEBOARDS - Primary School Socrates and Demosthenes","robots":{"index":"index","follow":"follow","max-snippet":"max-snippet:-1","max-image-preview":"max-image-preview:large","max-video-preview":"max-video-preview:-1"},"canonical":"https:\/\/www.socdem.org\/en\/why-our-school\/services\/interactive-tables\/","og_locale":"en_US","og_type":"article","og_title":"INTERACTIVE WHITEBOARDS - Primary School Socrates and Demosthenes","og_description":"The interactive whiteboard (IWB) is a great motivational tool for the classroom. Students are happy to use it, as they find courses much more pleasant and dynamic. The interactive whiteboard...","og_url":"https:\/\/www.socdem.org\/en\/why-our-school\/services\/interactive-tables\/","og_site_name":"Primary School Socrates and Demosthenes","article_publisher":"https:\/\/www.facebook.com\/TheHCGM\/","article_modified_time":"2018-11-02T15:06:48+00:00","twitter_card":"summary_large_image","twitter_misc":{"Est. reading time":"1 minute"},"schema":{"@context":"https:\/\/schema.org","@graph":[{"@type":"WebPage","@id":"https:\/\/www.socdem.org\/en\/why-our-school\/services\/interactive-tables\/","url":"https:\/\/www.socdem.org\/en\/why-our-school\/services\/interactive-tables\/","name":"INTERACTIVE WHITEBOARDS - Primary School Socrates and Demosthenes","isPartOf":{"@id":"https:\/\/www.socdem.org\/en\/#website"},"datePublished":"2013-09-27T05:13:00+00:00","dateModified":"2018-11-02T15:06:48+00:00","breadcrumb":{"@id":"https:\/\/www.socdem.org\/en\/why-our-school\/services\/interactive-tables\/#breadcrumb"},"inLanguage":"en-US","potentialAction":[{"@type":"ReadAction","target":["https:\/\/www.socdem.org\/en\/why-our-school\/services\/interactive-tables\/"]}]},{"@type":"BreadcrumbList","@id":"https:\/\/www.socdem.org\/en\/why-our-school\/services\/interactive-tables\/#breadcrumb","itemListElement":[{"@type":"ListItem","position":1,"name":"Accueil","item":"https:\/\/www.socdem.org\/en\/"},{"@type":"ListItem","position":2,"name":"WHY OUR SCHOOL","item":"https:\/\/www.socdem.org\/en\/why-our-school\/"},{"@type":"ListItem","position":3,"name":"SERVICES","item":"https:\/\/www.socdem.org\/en\/why-our-school\/services\/"},{"@type":"ListItem","position":4,"name":"INTERACTIVE WHITEBOARDS"}]},{"@type":"WebSite","@id":"https:\/\/www.socdem.org\/en\/#website","url":"https:\/\/www.socdem.org\/en\/","name":"\u00c9cole Socrates-D\u00e9mosth\u00e8ne","description":"Five trilingual greek primary schools of Greater Montreal.","publisher":{"@id":"https:\/\/www.socdem.org\/en\/#organization"},"potentialAction":[{"@type":"SearchAction","target":{"@type":"EntryPoint","urlTemplate":"https:\/\/www.socdem.org\/en\/?s={search_term_string}"},"query-input":{"@type":"PropertyValueSpecification","valueRequired":true,"valueName":"search_term_string"}}],"inLanguage":"en-US"},{"@type":"Organization","@id":"https:\/\/www.socdem.org\/en\/#organization","name":"\u00c9cole Socrates-D\u00e9mosth\u00e8ne","url":"https:\/\/www.socdem.org\/en\/","logo":{"@type":"ImageObject","inLanguage":"en-US","@id":"https:\/\/www.socdem.org\/en\/#\/schema\/logo\/image\/","url":"https:\/\/www.socdem.org\/wp-content\/uploads\/2014\/03\/SOC-DEM-LOGO-NAME.jpg","contentUrl":"https:\/\/www.socdem.org\/wp-content\/uploads\/2014\/03\/SOC-DEM-LOGO-NAME.jpg","width":"8485","height":"4200","caption":"\u00c9cole Socrates-D\u00e9mosth\u00e8ne"},"image":{"@id":"https:\/\/www.socdem.org\/en\/#\/schema\/logo\/image\/"},"sameAs":["https:\/\/www.facebook.com\/TheHCGM\/","https:\/\/www.instagram.com\/p\/BnE965PhJU7\/?hl=en"]}]}},"_links":{"self":[{"href":"https:\/\/www.socdem.org\/en\/wp-json\/wp\/v2\/pages\/4383","targetHints":{"allow":["GET"]}}],"collection":[{"href":"https:\/\/www.socdem.org\/en\/wp-json\/wp\/v2\/pages"}],"about":[{"href":"https:\/\/www.socdem.org\/en\/wp-json\/wp\/v2\/types\/page"}],"author":[{"embeddable":true,"href":"https:\/\/www.socdem.org\/en\/wp-json\/wp\/v2\/users\/2"}],"replies":[{"embeddable":true,"href":"https:\/\/www.socdem.org\/en\/wp-json\/wp\/v2\/comments?post=4383"}],"version-history":[{"count":0,"href":"https:\/\/www.socdem.org\/en\/wp-json\/wp\/v2\/pages\/4383\/revisions"}],"up":[{"embeddable":true,"href":"https:\/\/www.socdem.org\/en\/wp-json\/wp\/v2\/pages\/4370"}],"wp:attachment":[{"href":"https:\/\/www.socdem.org\/en\/wp-json\/wp\/v2\/media?parent=4383"}],"curies":[{"name":"wp","href":"https:\/\/api.w.org\/{rel}","templated":true}]}}