{"id":4442,"date":"2012-12-01T05:34:50","date_gmt":"2012-12-01T05:34:50","guid":{"rendered":"http:\/\/socdem.wpengine.com\/?page_id=4442"},"modified":"2024-07-17T14:45:19","modified_gmt":"2024-07-17T18:45:19","slug":"activites","status":"publish","type":"page","link":"https:\/\/www.socdem.org\/en\/our-programms\/activites\/","title":{"rendered":"EXTRACURRICULAR ACTIVITIES"},"content":{"rendered":"<p>In order to enhance the overall experience of our students, a wide variety of extracurricular activities are offered at all our campuses. Activities are offered during school hours and\/or after school and vary from campus to campus. Students are given the opportunity to participate in activities that will both educate and broaden their minds and horizons.<\/p>\n<p>Along with many of the activities listed below various games and sports are offered to teach the importance of physical activity and team spirit. In addition, our school holds interscholastic competitions, where the emphasis is put on the practice of sports rather than the absolute need to win. Finally, children will have the opportunity to participate in summer day camps, offered exclusively to the students of our school.<\/p>\n<p>Our activity program also benefits our busy parents by giving them back time that they would have spent driving their children to various activities. Our parents and students can instead spend quality time together or use time saved for other purposes.<\/p>\n<p>Some of the extracurricular activities offered:<\/p>\n<div class=\"shortcode-list shortcode-list-arrow\">\n<ul>\n<li style=\"list-style-type: none;\">\n<ul>\n<li>Choir<\/li>\n<li>Piano<\/li>\n<li>Knitting<\/li>\n<li>Fun Sciences<\/li>\n<li>Art<\/li>\n<li>Chess<\/li>\n<li>Jewelry Making<\/li>\n<li>Magic Lessons<\/li>\n<li>Ceramics<\/li>\n<\/ul>\n<\/li>\n<\/ul>\n<\/div>\n<div class=\"shortcode-list shortcode-list-arrow\">\n<ul>\n<li style=\"list-style-type: none;\">\n<ul>\n<li>Plastic Arts<\/li>\n<li>Latin Cardio Dance<\/li>\n<li>Tennis<\/li>\n<li>Soccer<\/li>\n<li>Basketball<\/li>\n<li>Volleyball<\/li>\n<li>Student Newspaper<\/li>\n<li>Guitar Lessons<\/li>\n<li>Drama<\/li>\n<\/ul>\n<\/li>\n<\/ul>\n<\/div>\n<p>Note: Activities offered may change. They depend on the demand and on each campus.<\/p>\n","protected":false},"excerpt":{"rendered":"<p>In order to enhance the overall experience of our students, a wide variety of extracurricular activities are offered at all our campuses. Activities are offered during school hours and\/or after&#8230;<\/p>\n","protected":false},"author":2,"featured_media":0,"parent":4439,"menu_order":2,"comment_status":"closed","ping_status":"closed","template":"","meta":{"_monsterinsights_skip_tracking":false,"_monsterinsights_sitenote_active":false,"_monsterinsights_sitenote_note":"","_monsterinsights_sitenote_category":0,"footnotes":""},"class_list":["post-4442","page","type-page","status-publish"],"yoast_head":"<!-- This site is optimized with the Yoast SEO plugin v27.4 - https:\/\/yoast.com\/product\/yoast-seo-wordpress\/ -->\n<title>EXTRACURRICULAR ACTIVITIES - Primary School Socrates and Demosthenes<\/title>\n<meta name=\"robots\" content=\"index, follow, max-snippet:-1, max-image-preview:large, max-video-preview:-1\" \/>\n<link rel=\"canonical\" href=\"https:\/\/www.socdem.org\/en\/our-programms\/activites\/\" \/>\n<meta property=\"og:locale\" content=\"en_US\" \/>\n<meta property=\"og:type\" content=\"article\" \/>\n<meta property=\"og:title\" content=\"EXTRACURRICULAR ACTIVITIES - Primary School Socrates and Demosthenes\" \/>\n<meta property=\"og:description\" content=\"In order to enhance the overall experience of our students, a wide variety of extracurricular activities are offered at all our campuses. Activities are offered during school hours and\/or after...\" \/>\n<meta property=\"og:url\" content=\"https:\/\/www.socdem.org\/en\/our-programms\/activites\/\" \/>\n<meta property=\"og:site_name\" content=\"Primary School Socrates and Demosthenes\" \/>\n<meta property=\"article:publisher\" content=\"https:\/\/www.facebook.com\/TheHCGM\/\" \/>\n<meta property=\"article:modified_time\" content=\"2024-07-17T18:45:19+00:00\" \/>\n<meta name=\"twitter:card\" content=\"summary_large_image\" \/>\n<meta name=\"twitter:label1\" content=\"Est. reading time\" \/>\n\t<meta name=\"twitter:data1\" content=\"1 minute\" \/>\n<script type=\"application\/ld+json\" class=\"yoast-schema-graph\">{\"@context\":\"https:\\\/\\\/schema.org\",\"@graph\":[{\"@type\":\"WebPage\",\"@id\":\"https:\\\/\\\/www.socdem.org\\\/en\\\/our-programms\\\/activites\\\/\",\"url\":\"https:\\\/\\\/www.socdem.org\\\/en\\\/our-programms\\\/activites\\\/\",\"name\":\"EXTRACURRICULAR ACTIVITIES - Primary School Socrates and Demosthenes\",\"isPartOf\":{\"@id\":\"https:\\\/\\\/www.socdem.org\\\/en\\\/#website\"},\"datePublished\":\"2012-12-01T05:34:50+00:00\",\"dateModified\":\"2024-07-17T18:45:19+00:00\",\"breadcrumb\":{\"@id\":\"https:\\\/\\\/www.socdem.org\\\/en\\\/our-programms\\\/activites\\\/#breadcrumb\"},\"inLanguage\":\"en-US\",\"potentialAction\":[{\"@type\":\"ReadAction\",\"target\":[\"https:\\\/\\\/www.socdem.org\\\/en\\\/our-programms\\\/activites\\\/\"]}]},{\"@type\":\"BreadcrumbList\",\"@id\":\"https:\\\/\\\/www.socdem.org\\\/en\\\/our-programms\\\/activites\\\/#breadcrumb\",\"itemListElement\":[{\"@type\":\"ListItem\",\"position\":1,\"name\":\"Accueil\",\"item\":\"https:\\\/\\\/www.socdem.org\\\/en\\\/\"},{\"@type\":\"ListItem\",\"position\":2,\"name\":\"OUR PROGRAMS\",\"item\":\"https:\\\/\\\/www.socdem.org\\\/en\\\/our-programms\\\/\"},{\"@type\":\"ListItem\",\"position\":3,\"name\":\"EXTRACURRICULAR ACTIVITIES\"}]},{\"@type\":\"WebSite\",\"@id\":\"https:\\\/\\\/www.socdem.org\\\/en\\\/#website\",\"url\":\"https:\\\/\\\/www.socdem.org\\\/en\\\/\",\"name\":\"\u00c9cole Socrates-D\u00e9mosth\u00e8ne\",\"description\":\"Five trilingual greek primary schools of Greater Montreal.\",\"publisher\":{\"@id\":\"https:\\\/\\\/www.socdem.org\\\/en\\\/#organization\"},\"potentialAction\":[{\"@type\":\"SearchAction\",\"target\":{\"@type\":\"EntryPoint\",\"urlTemplate\":\"https:\\\/\\\/www.socdem.org\\\/en\\\/?s={search_term_string}\"},\"query-input\":{\"@type\":\"PropertyValueSpecification\",\"valueRequired\":true,\"valueName\":\"search_term_string\"}}],\"inLanguage\":\"en-US\"},{\"@type\":\"Organization\",\"@id\":\"https:\\\/\\\/www.socdem.org\\\/en\\\/#organization\",\"name\":\"\u00c9cole Socrates-D\u00e9mosth\u00e8ne\",\"url\":\"https:\\\/\\\/www.socdem.org\\\/en\\\/\",\"logo\":{\"@type\":\"ImageObject\",\"inLanguage\":\"en-US\",\"@id\":\"https:\\\/\\\/www.socdem.org\\\/en\\\/#\\\/schema\\\/logo\\\/image\\\/\",\"url\":\"https:\\\/\\\/www.socdem.org\\\/wp-content\\\/uploads\\\/2014\\\/03\\\/SOC-DEM-LOGO-NAME.jpg\",\"contentUrl\":\"https:\\\/\\\/www.socdem.org\\\/wp-content\\\/uploads\\\/2014\\\/03\\\/SOC-DEM-LOGO-NAME.jpg\",\"width\":\"8485\",\"height\":\"4200\",\"caption\":\"\u00c9cole Socrates-D\u00e9mosth\u00e8ne\"},\"image\":{\"@id\":\"https:\\\/\\\/www.socdem.org\\\/en\\\/#\\\/schema\\\/logo\\\/image\\\/\"},\"sameAs\":[\"https:\\\/\\\/www.facebook.com\\\/TheHCGM\\\/\",\"https:\\\/\\\/www.instagram.com\\\/p\\\/BnE965PhJU7\\\/?hl=en\"]}]}<\/script>\n<!-- \/ Yoast SEO plugin. -->","yoast_head_json":{"title":"EXTRACURRICULAR ACTIVITIES - Primary School Socrates and Demosthenes","robots":{"index":"index","follow":"follow","max-snippet":"max-snippet:-1","max-image-preview":"max-image-preview:large","max-video-preview":"max-video-preview:-1"},"canonical":"https:\/\/www.socdem.org\/en\/our-programms\/activites\/","og_locale":"en_US","og_type":"article","og_title":"EXTRACURRICULAR ACTIVITIES - Primary School Socrates and Demosthenes","og_description":"In order to enhance the overall experience of our students, a wide variety of extracurricular activities are offered at all our campuses. Activities are offered during school hours and\/or after...","og_url":"https:\/\/www.socdem.org\/en\/our-programms\/activites\/","og_site_name":"Primary School Socrates and Demosthenes","article_publisher":"https:\/\/www.facebook.com\/TheHCGM\/","article_modified_time":"2024-07-17T18:45:19+00:00","twitter_card":"summary_large_image","twitter_misc":{"Est. reading time":"1 minute"},"schema":{"@context":"https:\/\/schema.org","@graph":[{"@type":"WebPage","@id":"https:\/\/www.socdem.org\/en\/our-programms\/activites\/","url":"https:\/\/www.socdem.org\/en\/our-programms\/activites\/","name":"EXTRACURRICULAR ACTIVITIES - Primary School Socrates and Demosthenes","isPartOf":{"@id":"https:\/\/www.socdem.org\/en\/#website"},"datePublished":"2012-12-01T05:34:50+00:00","dateModified":"2024-07-17T18:45:19+00:00","breadcrumb":{"@id":"https:\/\/www.socdem.org\/en\/our-programms\/activites\/#breadcrumb"},"inLanguage":"en-US","potentialAction":[{"@type":"ReadAction","target":["https:\/\/www.socdem.org\/en\/our-programms\/activites\/"]}]},{"@type":"BreadcrumbList","@id":"https:\/\/www.socdem.org\/en\/our-programms\/activites\/#breadcrumb","itemListElement":[{"@type":"ListItem","position":1,"name":"Accueil","item":"https:\/\/www.socdem.org\/en\/"},{"@type":"ListItem","position":2,"name":"OUR PROGRAMS","item":"https:\/\/www.socdem.org\/en\/our-programms\/"},{"@type":"ListItem","position":3,"name":"EXTRACURRICULAR ACTIVITIES"}]},{"@type":"WebSite","@id":"https:\/\/www.socdem.org\/en\/#website","url":"https:\/\/www.socdem.org\/en\/","name":"\u00c9cole Socrates-D\u00e9mosth\u00e8ne","description":"Five trilingual greek primary schools of Greater Montreal.","publisher":{"@id":"https:\/\/www.socdem.org\/en\/#organization"},"potentialAction":[{"@type":"SearchAction","target":{"@type":"EntryPoint","urlTemplate":"https:\/\/www.socdem.org\/en\/?s={search_term_string}"},"query-input":{"@type":"PropertyValueSpecification","valueRequired":true,"valueName":"search_term_string"}}],"inLanguage":"en-US"},{"@type":"Organization","@id":"https:\/\/www.socdem.org\/en\/#organization","name":"\u00c9cole Socrates-D\u00e9mosth\u00e8ne","url":"https:\/\/www.socdem.org\/en\/","logo":{"@type":"ImageObject","inLanguage":"en-US","@id":"https:\/\/www.socdem.org\/en\/#\/schema\/logo\/image\/","url":"https:\/\/www.socdem.org\/wp-content\/uploads\/2014\/03\/SOC-DEM-LOGO-NAME.jpg","contentUrl":"https:\/\/www.socdem.org\/wp-content\/uploads\/2014\/03\/SOC-DEM-LOGO-NAME.jpg","width":"8485","height":"4200","caption":"\u00c9cole Socrates-D\u00e9mosth\u00e8ne"},"image":{"@id":"https:\/\/www.socdem.org\/en\/#\/schema\/logo\/image\/"},"sameAs":["https:\/\/www.facebook.com\/TheHCGM\/","https:\/\/www.instagram.com\/p\/BnE965PhJU7\/?hl=en"]}]}},"_links":{"self":[{"href":"https:\/\/www.socdem.org\/en\/wp-json\/wp\/v2\/pages\/4442","targetHints":{"allow":["GET"]}}],"collection":[{"href":"https:\/\/www.socdem.org\/en\/wp-json\/wp\/v2\/pages"}],"about":[{"href":"https:\/\/www.socdem.org\/en\/wp-json\/wp\/v2\/types\/page"}],"author":[{"embeddable":true,"href":"https:\/\/www.socdem.org\/en\/wp-json\/wp\/v2\/users\/2"}],"replies":[{"embeddable":true,"href":"https:\/\/www.socdem.org\/en\/wp-json\/wp\/v2\/comments?post=4442"}],"version-history":[{"count":1,"href":"https:\/\/www.socdem.org\/en\/wp-json\/wp\/v2\/pages\/4442\/revisions"}],"predecessor-version":[{"id":37048,"href":"https:\/\/www.socdem.org\/en\/wp-json\/wp\/v2\/pages\/4442\/revisions\/37048"}],"up":[{"embeddable":true,"href":"https:\/\/www.socdem.org\/en\/wp-json\/wp\/v2\/pages\/4439"}],"wp:attachment":[{"href":"https:\/\/www.socdem.org\/en\/wp-json\/wp\/v2\/media?parent=4442"}],"curies":[{"name":"wp","href":"https:\/\/api.w.org\/{rel}","templated":true}]}}