{"id":4528,"date":"2013-09-27T01:50:54","date_gmt":"2013-09-27T05:50:54","guid":{"rendered":"http:\/\/socdem.wpengine.com\/?page_id=4528"},"modified":"2017-05-29T17:09:45","modified_gmt":"2017-05-29T21:09:45","slug":"evacuation","status":"publish","type":"page","link":"https:\/\/www.socdem.org\/en\/our-school\/school-policies\/evacuation\/","title":{"rendered":"EVACUATION"},"content":{"rendered":"<h6>This policy applies to all school students and staff in any sort of threatening situation.<\/h6>\n<h6>Most threats turn out to be hoaxes, but it cannot be assumed in the beginning.<\/h6>\n<h6>The person receiving the call or the threat must:<\/h6>\n<ul>\n<li>Stay calm<\/li>\n<li>Gather as much information as possible<\/li>\n<li>Write the exact words<\/li>\n<li>Note any useful details about the individual: gender, age, accent, etc.<\/li>\n<li>Immediately notify the director.<\/li>\n<\/ul>\n<h6>Generally, the police does not investigate the school. After consultation with the police or the staff, the campus director and his\/her secretary walk inside the building looking for any anomaly and notify the police. Then the police will search outside the building and its surroundings.<\/h6>\n<h6>The campus will be evacuated if and only if the police gives the evacuation order. In the event of an evacuation, a nearby school will be used as a temporary shelter.<\/h6>\n","protected":false},"excerpt":{"rendered":"<p>This policy applies to all school students and staff in any sort of threatening situation. Most threats turn out to be hoaxes, but it cannot be assumed in the beginning&#8230;.<\/p>\n","protected":false},"author":2,"featured_media":0,"parent":4525,"menu_order":0,"comment_status":"open","ping_status":"closed","template":"","meta":{"_monsterinsights_skip_tracking":false,"_monsterinsights_sitenote_active":false,"_monsterinsights_sitenote_note":"","_monsterinsights_sitenote_category":0,"footnotes":""},"class_list":["post-4528","page","type-page","status-publish"],"yoast_head":"<!-- This site is optimized with the Yoast SEO plugin v27.5 - https:\/\/yoast.com\/product\/yoast-seo-wordpress\/ -->\n<title>EVACUATION - Primary School Socrates and Demosthenes<\/title>\n<meta name=\"robots\" content=\"index, follow, max-snippet:-1, max-image-preview:large, max-video-preview:-1\" \/>\n<link rel=\"canonical\" href=\"https:\/\/www.socdem.org\/en\/our-school\/school-policies\/evacuation\/\" \/>\n<meta property=\"og:locale\" content=\"en_US\" \/>\n<meta property=\"og:type\" content=\"article\" \/>\n<meta property=\"og:title\" content=\"EVACUATION - Primary School Socrates and Demosthenes\" \/>\n<meta property=\"og:description\" content=\"This policy applies to all school students and staff in any sort of threatening situation. Most threats turn out to be hoaxes, but it cannot be assumed in the beginning....\" \/>\n<meta property=\"og:url\" content=\"https:\/\/www.socdem.org\/en\/our-school\/school-policies\/evacuation\/\" \/>\n<meta property=\"og:site_name\" content=\"Primary School Socrates and Demosthenes\" \/>\n<meta property=\"article:publisher\" content=\"https:\/\/www.facebook.com\/TheHCGM\/\" \/>\n<meta property=\"article:modified_time\" content=\"2017-05-29T21:09:45+00:00\" \/>\n<meta name=\"twitter:card\" content=\"summary_large_image\" \/>\n<meta name=\"twitter:label1\" content=\"Est. reading time\" \/>\n\t<meta name=\"twitter:data1\" content=\"1 minute\" \/>\n<script type=\"application\/ld+json\" class=\"yoast-schema-graph\">{\"@context\":\"https:\\\/\\\/schema.org\",\"@graph\":[{\"@type\":\"WebPage\",\"@id\":\"https:\\\/\\\/www.socdem.org\\\/en\\\/our-school\\\/school-policies\\\/evacuation\\\/\",\"url\":\"https:\\\/\\\/www.socdem.org\\\/en\\\/our-school\\\/school-policies\\\/evacuation\\\/\",\"name\":\"EVACUATION - Primary School Socrates and Demosthenes\",\"isPartOf\":{\"@id\":\"https:\\\/\\\/www.socdem.org\\\/en\\\/#website\"},\"datePublished\":\"2013-09-27T05:50:54+00:00\",\"dateModified\":\"2017-05-29T21:09:45+00:00\",\"breadcrumb\":{\"@id\":\"https:\\\/\\\/www.socdem.org\\\/en\\\/our-school\\\/school-policies\\\/evacuation\\\/#breadcrumb\"},\"inLanguage\":\"en-US\",\"potentialAction\":[{\"@type\":\"ReadAction\",\"target\":[\"https:\\\/\\\/www.socdem.org\\\/en\\\/our-school\\\/school-policies\\\/evacuation\\\/\"]}]},{\"@type\":\"BreadcrumbList\",\"@id\":\"https:\\\/\\\/www.socdem.org\\\/en\\\/our-school\\\/school-policies\\\/evacuation\\\/#breadcrumb\",\"itemListElement\":[{\"@type\":\"ListItem\",\"position\":1,\"name\":\"Accueil\",\"item\":\"https:\\\/\\\/www.socdem.org\\\/en\\\/\"},{\"@type\":\"ListItem\",\"position\":2,\"name\":\"OUR SCHOOL\",\"item\":\"https:\\\/\\\/www.socdem.org\\\/en\\\/our-school\\\/\"},{\"@type\":\"ListItem\",\"position\":3,\"name\":\"SCHOOL POLICIES\",\"item\":\"https:\\\/\\\/www.socdem.org\\\/en\\\/our-school\\\/school-policies\\\/\"},{\"@type\":\"ListItem\",\"position\":4,\"name\":\"EVACUATION\"}]},{\"@type\":\"WebSite\",\"@id\":\"https:\\\/\\\/www.socdem.org\\\/en\\\/#website\",\"url\":\"https:\\\/\\\/www.socdem.org\\\/en\\\/\",\"name\":\"\u00c9cole Socrates-D\u00e9mosth\u00e8ne\",\"description\":\"Five trilingual greek primary schools of Greater Montreal.\",\"publisher\":{\"@id\":\"https:\\\/\\\/www.socdem.org\\\/en\\\/#organization\"},\"potentialAction\":[{\"@type\":\"SearchAction\",\"target\":{\"@type\":\"EntryPoint\",\"urlTemplate\":\"https:\\\/\\\/www.socdem.org\\\/en\\\/?s={search_term_string}\"},\"query-input\":{\"@type\":\"PropertyValueSpecification\",\"valueRequired\":true,\"valueName\":\"search_term_string\"}}],\"inLanguage\":\"en-US\"},{\"@type\":\"Organization\",\"@id\":\"https:\\\/\\\/www.socdem.org\\\/en\\\/#organization\",\"name\":\"\u00c9cole Socrates-D\u00e9mosth\u00e8ne\",\"url\":\"https:\\\/\\\/www.socdem.org\\\/en\\\/\",\"logo\":{\"@type\":\"ImageObject\",\"inLanguage\":\"en-US\",\"@id\":\"https:\\\/\\\/www.socdem.org\\\/en\\\/#\\\/schema\\\/logo\\\/image\\\/\",\"url\":\"https:\\\/\\\/www.socdem.org\\\/wp-content\\\/uploads\\\/2014\\\/03\\\/SOC-DEM-LOGO-NAME.jpg\",\"contentUrl\":\"https:\\\/\\\/www.socdem.org\\\/wp-content\\\/uploads\\\/2014\\\/03\\\/SOC-DEM-LOGO-NAME.jpg\",\"width\":\"8485\",\"height\":\"4200\",\"caption\":\"\u00c9cole Socrates-D\u00e9mosth\u00e8ne\"},\"image\":{\"@id\":\"https:\\\/\\\/www.socdem.org\\\/en\\\/#\\\/schema\\\/logo\\\/image\\\/\"},\"sameAs\":[\"https:\\\/\\\/www.facebook.com\\\/TheHCGM\\\/\",\"https:\\\/\\\/www.instagram.com\\\/p\\\/BnE965PhJU7\\\/?hl=en\"]}]}<\/script>\n<!-- \/ Yoast SEO plugin. -->","yoast_head_json":{"title":"EVACUATION - Primary School Socrates and Demosthenes","robots":{"index":"index","follow":"follow","max-snippet":"max-snippet:-1","max-image-preview":"max-image-preview:large","max-video-preview":"max-video-preview:-1"},"canonical":"https:\/\/www.socdem.org\/en\/our-school\/school-policies\/evacuation\/","og_locale":"en_US","og_type":"article","og_title":"EVACUATION - Primary School Socrates and Demosthenes","og_description":"This policy applies to all school students and staff in any sort of threatening situation. Most threats turn out to be hoaxes, but it cannot be assumed in the beginning....","og_url":"https:\/\/www.socdem.org\/en\/our-school\/school-policies\/evacuation\/","og_site_name":"Primary School Socrates and Demosthenes","article_publisher":"https:\/\/www.facebook.com\/TheHCGM\/","article_modified_time":"2017-05-29T21:09:45+00:00","twitter_card":"summary_large_image","twitter_misc":{"Est. reading time":"1 minute"},"schema":{"@context":"https:\/\/schema.org","@graph":[{"@type":"WebPage","@id":"https:\/\/www.socdem.org\/en\/our-school\/school-policies\/evacuation\/","url":"https:\/\/www.socdem.org\/en\/our-school\/school-policies\/evacuation\/","name":"EVACUATION - Primary School Socrates and Demosthenes","isPartOf":{"@id":"https:\/\/www.socdem.org\/en\/#website"},"datePublished":"2013-09-27T05:50:54+00:00","dateModified":"2017-05-29T21:09:45+00:00","breadcrumb":{"@id":"https:\/\/www.socdem.org\/en\/our-school\/school-policies\/evacuation\/#breadcrumb"},"inLanguage":"en-US","potentialAction":[{"@type":"ReadAction","target":["https:\/\/www.socdem.org\/en\/our-school\/school-policies\/evacuation\/"]}]},{"@type":"BreadcrumbList","@id":"https:\/\/www.socdem.org\/en\/our-school\/school-policies\/evacuation\/#breadcrumb","itemListElement":[{"@type":"ListItem","position":1,"name":"Accueil","item":"https:\/\/www.socdem.org\/en\/"},{"@type":"ListItem","position":2,"name":"OUR SCHOOL","item":"https:\/\/www.socdem.org\/en\/our-school\/"},{"@type":"ListItem","position":3,"name":"SCHOOL POLICIES","item":"https:\/\/www.socdem.org\/en\/our-school\/school-policies\/"},{"@type":"ListItem","position":4,"name":"EVACUATION"}]},{"@type":"WebSite","@id":"https:\/\/www.socdem.org\/en\/#website","url":"https:\/\/www.socdem.org\/en\/","name":"\u00c9cole Socrates-D\u00e9mosth\u00e8ne","description":"Five trilingual greek primary schools of Greater Montreal.","publisher":{"@id":"https:\/\/www.socdem.org\/en\/#organization"},"potentialAction":[{"@type":"SearchAction","target":{"@type":"EntryPoint","urlTemplate":"https:\/\/www.socdem.org\/en\/?s={search_term_string}"},"query-input":{"@type":"PropertyValueSpecification","valueRequired":true,"valueName":"search_term_string"}}],"inLanguage":"en-US"},{"@type":"Organization","@id":"https:\/\/www.socdem.org\/en\/#organization","name":"\u00c9cole Socrates-D\u00e9mosth\u00e8ne","url":"https:\/\/www.socdem.org\/en\/","logo":{"@type":"ImageObject","inLanguage":"en-US","@id":"https:\/\/www.socdem.org\/en\/#\/schema\/logo\/image\/","url":"https:\/\/www.socdem.org\/wp-content\/uploads\/2014\/03\/SOC-DEM-LOGO-NAME.jpg","contentUrl":"https:\/\/www.socdem.org\/wp-content\/uploads\/2014\/03\/SOC-DEM-LOGO-NAME.jpg","width":"8485","height":"4200","caption":"\u00c9cole Socrates-D\u00e9mosth\u00e8ne"},"image":{"@id":"https:\/\/www.socdem.org\/en\/#\/schema\/logo\/image\/"},"sameAs":["https:\/\/www.facebook.com\/TheHCGM\/","https:\/\/www.instagram.com\/p\/BnE965PhJU7\/?hl=en"]}]}},"_links":{"self":[{"href":"https:\/\/www.socdem.org\/en\/wp-json\/wp\/v2\/pages\/4528","targetHints":{"allow":["GET"]}}],"collection":[{"href":"https:\/\/www.socdem.org\/en\/wp-json\/wp\/v2\/pages"}],"about":[{"href":"https:\/\/www.socdem.org\/en\/wp-json\/wp\/v2\/types\/page"}],"author":[{"embeddable":true,"href":"https:\/\/www.socdem.org\/en\/wp-json\/wp\/v2\/users\/2"}],"replies":[{"embeddable":true,"href":"https:\/\/www.socdem.org\/en\/wp-json\/wp\/v2\/comments?post=4528"}],"version-history":[{"count":0,"href":"https:\/\/www.socdem.org\/en\/wp-json\/wp\/v2\/pages\/4528\/revisions"}],"up":[{"embeddable":true,"href":"https:\/\/www.socdem.org\/en\/wp-json\/wp\/v2\/pages\/4525"}],"wp:attachment":[{"href":"https:\/\/www.socdem.org\/en\/wp-json\/wp\/v2\/media?parent=4528"}],"curies":[{"name":"wp","href":"https:\/\/api.w.org\/{rel}","templated":true}]}}