{"id":4531,"date":"2013-09-27T01:51:57","date_gmt":"2013-09-27T05:51:57","guid":{"rendered":"http:\/\/socdem.wpengine.com\/?page_id=4531"},"modified":"2018-11-02T10:53:55","modified_gmt":"2018-11-02T14:53:55","slug":"harassment-and-intimidation","status":"publish","type":"page","link":"https:\/\/www.socdem.org\/en\/our-school\/school-policies\/harassment-and-intimidation\/","title":{"rendered":"HARASSMENT AND INTIMIDATION"},"content":{"rendered":"<h6>The purpose of this policy is to prevent the harassment or intimidation of any person due to race, religious beliefs, ethnicity, gender, sexual orientation, physical or mental disabilities, political beliefs, appearance, age, and marital or family status. This policy applies to students, parents, teachers, administrators, and support staff.<\/h6>\n<h6>Harassment is a repetition of words, actions or gestures of a derogatory or vexatious nature that concern a person or a group of persons, this also includes cyber bullying. This is particularly the case when such behavior seems to hurt the person\u2019s dignity, their physical or psychological integrity. The conduct in question does not need to be intentional to be considered as harassment. It can occur in or out of the school establishment or in connection with an activity organized by the School.<\/h6>\n<h6>Harassment will not be tolerated under any circumstance within the life of the institution. Any complaint in this regard will bring an investigation or an appropriate disciplinary action.<\/h6>\n<h6>\u00c9cole Socrates-D\u00e9mosth\u00e8ne is committed to protecting the rights of the plaintiffs as well as those who are implicated in all cases that are brought to its attention. This policy implies the confidentiality regarding the identity of all parties, as well as the circumstances linked to the complaint and any taken measures to address the issue.<\/h6>\n<h6>Therefore, the School implicitly says that courtesy, tolerance and education are the best ways to prevent differences of this nature.<\/h6>\n<h6>If anyone considers being a victim of one form or another of harassment, they should report the incident immediately.<\/h6>\n<h4><strong>Procedure: <\/strong><\/h4>\n<ul>\n<li>\n<h4><strong>1. If you are harassed or intimidated:<\/strong><\/h4>\n<\/li>\n<\/ul>\n<h6><strong>a) <\/strong> If deemed appropriate, let the offender\/harasser know that their behavior is unwelcome and ask them to stop.<\/h6>\n<h6><strong> b)<\/strong> Note significant details surrounding the incident: dates, times, places, witnesses, documents and your reaction. It is not necessary to record everything but the true story of the events can be very useful.<\/h6>\n<h6><strong>c) <\/strong> If you do not want to directly confront the harasser, or if the approach does not lead to anything, then you should complain to your teacher about the situation.<\/h6>\n<ul>\n<li>\n<h4><strong>2. Processing of the complaint:<\/strong><\/h4>\n<\/li>\n<\/ul>\n<h6><strong>a)<\/strong> Once the complaint is reported to the teacher, three scenarios are possible:<\/h6>\n<h6 style=\"padding-left: 30px;\"><em>i) <\/em> The teacher may assess that the behavior in question is not considered harassment and no further action is required<\/h6>\n<h6 style=\"padding-left: 30px;\"><em>ii)<\/em> In this case the complainant is dissatisfied with the teacher\u2019s response; they can go directly to the direction.<\/h6>\n<h6 style=\"padding-left: 30px;\"><em>iii)<\/em> The complainant and the teacher may agree that this is indeed a case of harassment or intimidation and that this behavior should be reported to the alleged harasser. The teacher will determine what to do to fix the problem.<\/h6>\n<h6 style=\"padding-left: 30px;\"><em>iv)<\/em> If the complainant and the teacher agree that the author of harassment or bullying is the director of the campus, the problem should be confidentially exposed to the General Director.<\/h6>\n<h6><strong>b)<\/strong> If the problem remains unresolved, the situation will be entrusted to the Director, who will separately interview the parties and revise the resolution method initiated by the teacher. The Director will study the nature, persistence and seriousness of the alleged offense. If the Director finds that the allegation has not been substantiated, they will make its decision in a written report that will be sent to both the alleged harasser and the complainant, also a copy shall be kept in the complainant\u2019s file. If the complaint appears to be justified, the Director shall determine the appropriate action to take. The actions that the Director may take, without excluding other options, include a reference to a doctor or a psychologist, suspension, time trial, expulsion or dismissal.<\/h6>\n<h6><strong>c) <\/strong> Whatever the outcome of the complaint made in good faith, the author, as well as anyone providing information on the case, will be protected from all forms of retaliation by staff or students.<\/h6>\n<h6><strong>d)<\/strong> Because complaints of harassment or bullying will be treated very seriously, mischievous or groundless complaints can lead to disciplinary action against the person who complained.<\/h6>\n","protected":false},"excerpt":{"rendered":"<p>The purpose of this policy is to prevent the harassment or intimidation of any person due to race, religious beliefs, ethnicity, gender, sexual orientation, physical or mental disabilities, political beliefs,&#8230;<\/p>\n","protected":false},"author":2,"featured_media":0,"parent":4525,"menu_order":0,"comment_status":"open","ping_status":"closed","template":"","meta":{"_monsterinsights_skip_tracking":false,"_monsterinsights_sitenote_active":false,"_monsterinsights_sitenote_note":"","_monsterinsights_sitenote_category":0,"footnotes":""},"class_list":["post-4531","page","type-page","status-publish"],"yoast_head":"<!-- This site is optimized with the Yoast SEO plugin v27.5 - https:\/\/yoast.com\/product\/yoast-seo-wordpress\/ -->\n<title>HARASSMENT AND INTIMIDATION - Primary School Socrates and Demosthenes<\/title>\n<meta name=\"robots\" content=\"index, follow, max-snippet:-1, max-image-preview:large, max-video-preview:-1\" \/>\n<link rel=\"canonical\" href=\"https:\/\/www.socdem.org\/en\/our-school\/school-policies\/harassment-and-intimidation\/\" \/>\n<meta property=\"og:locale\" content=\"en_US\" \/>\n<meta property=\"og:type\" content=\"article\" \/>\n<meta property=\"og:title\" content=\"HARASSMENT AND INTIMIDATION - Primary School Socrates and Demosthenes\" \/>\n<meta property=\"og:description\" content=\"The purpose of this policy is to prevent the harassment or intimidation of any person due to race, religious beliefs, ethnicity, gender, sexual orientation, physical or mental disabilities, political beliefs,...\" \/>\n<meta property=\"og:url\" content=\"https:\/\/www.socdem.org\/en\/our-school\/school-policies\/harassment-and-intimidation\/\" \/>\n<meta property=\"og:site_name\" content=\"Primary School Socrates and Demosthenes\" \/>\n<meta property=\"article:publisher\" content=\"https:\/\/www.facebook.com\/TheHCGM\/\" \/>\n<meta property=\"article:modified_time\" content=\"2018-11-02T14:53:55+00:00\" \/>\n<meta name=\"twitter:card\" content=\"summary_large_image\" \/>\n<meta name=\"twitter:label1\" content=\"Est. reading time\" \/>\n\t<meta name=\"twitter:data1\" content=\"3 minutes\" \/>\n<script type=\"application\/ld+json\" class=\"yoast-schema-graph\">{\"@context\":\"https:\\\/\\\/schema.org\",\"@graph\":[{\"@type\":\"WebPage\",\"@id\":\"https:\\\/\\\/www.socdem.org\\\/en\\\/our-school\\\/school-policies\\\/harassment-and-intimidation\\\/\",\"url\":\"https:\\\/\\\/www.socdem.org\\\/en\\\/our-school\\\/school-policies\\\/harassment-and-intimidation\\\/\",\"name\":\"HARASSMENT AND INTIMIDATION - Primary School Socrates and Demosthenes\",\"isPartOf\":{\"@id\":\"https:\\\/\\\/www.socdem.org\\\/en\\\/#website\"},\"datePublished\":\"2013-09-27T05:51:57+00:00\",\"dateModified\":\"2018-11-02T14:53:55+00:00\",\"breadcrumb\":{\"@id\":\"https:\\\/\\\/www.socdem.org\\\/en\\\/our-school\\\/school-policies\\\/harassment-and-intimidation\\\/#breadcrumb\"},\"inLanguage\":\"en-US\",\"potentialAction\":[{\"@type\":\"ReadAction\",\"target\":[\"https:\\\/\\\/www.socdem.org\\\/en\\\/our-school\\\/school-policies\\\/harassment-and-intimidation\\\/\"]}]},{\"@type\":\"BreadcrumbList\",\"@id\":\"https:\\\/\\\/www.socdem.org\\\/en\\\/our-school\\\/school-policies\\\/harassment-and-intimidation\\\/#breadcrumb\",\"itemListElement\":[{\"@type\":\"ListItem\",\"position\":1,\"name\":\"Accueil\",\"item\":\"https:\\\/\\\/www.socdem.org\\\/en\\\/\"},{\"@type\":\"ListItem\",\"position\":2,\"name\":\"OUR SCHOOL\",\"item\":\"https:\\\/\\\/www.socdem.org\\\/en\\\/our-school\\\/\"},{\"@type\":\"ListItem\",\"position\":3,\"name\":\"SCHOOL POLICIES\",\"item\":\"https:\\\/\\\/www.socdem.org\\\/en\\\/our-school\\\/school-policies\\\/\"},{\"@type\":\"ListItem\",\"position\":4,\"name\":\"HARASSMENT AND INTIMIDATION\"}]},{\"@type\":\"WebSite\",\"@id\":\"https:\\\/\\\/www.socdem.org\\\/en\\\/#website\",\"url\":\"https:\\\/\\\/www.socdem.org\\\/en\\\/\",\"name\":\"\u00c9cole Socrates-D\u00e9mosth\u00e8ne\",\"description\":\"Five trilingual greek primary schools of Greater Montreal.\",\"publisher\":{\"@id\":\"https:\\\/\\\/www.socdem.org\\\/en\\\/#organization\"},\"potentialAction\":[{\"@type\":\"SearchAction\",\"target\":{\"@type\":\"EntryPoint\",\"urlTemplate\":\"https:\\\/\\\/www.socdem.org\\\/en\\\/?s={search_term_string}\"},\"query-input\":{\"@type\":\"PropertyValueSpecification\",\"valueRequired\":true,\"valueName\":\"search_term_string\"}}],\"inLanguage\":\"en-US\"},{\"@type\":\"Organization\",\"@id\":\"https:\\\/\\\/www.socdem.org\\\/en\\\/#organization\",\"name\":\"\u00c9cole Socrates-D\u00e9mosth\u00e8ne\",\"url\":\"https:\\\/\\\/www.socdem.org\\\/en\\\/\",\"logo\":{\"@type\":\"ImageObject\",\"inLanguage\":\"en-US\",\"@id\":\"https:\\\/\\\/www.socdem.org\\\/en\\\/#\\\/schema\\\/logo\\\/image\\\/\",\"url\":\"https:\\\/\\\/www.socdem.org\\\/wp-content\\\/uploads\\\/2014\\\/03\\\/SOC-DEM-LOGO-NAME.jpg\",\"contentUrl\":\"https:\\\/\\\/www.socdem.org\\\/wp-content\\\/uploads\\\/2014\\\/03\\\/SOC-DEM-LOGO-NAME.jpg\",\"width\":\"8485\",\"height\":\"4200\",\"caption\":\"\u00c9cole Socrates-D\u00e9mosth\u00e8ne\"},\"image\":{\"@id\":\"https:\\\/\\\/www.socdem.org\\\/en\\\/#\\\/schema\\\/logo\\\/image\\\/\"},\"sameAs\":[\"https:\\\/\\\/www.facebook.com\\\/TheHCGM\\\/\",\"https:\\\/\\\/www.instagram.com\\\/p\\\/BnE965PhJU7\\\/?hl=en\"]}]}<\/script>\n<!-- \/ Yoast SEO plugin. -->","yoast_head_json":{"title":"HARASSMENT AND INTIMIDATION - Primary School Socrates and Demosthenes","robots":{"index":"index","follow":"follow","max-snippet":"max-snippet:-1","max-image-preview":"max-image-preview:large","max-video-preview":"max-video-preview:-1"},"canonical":"https:\/\/www.socdem.org\/en\/our-school\/school-policies\/harassment-and-intimidation\/","og_locale":"en_US","og_type":"article","og_title":"HARASSMENT AND INTIMIDATION - Primary School Socrates and Demosthenes","og_description":"The purpose of this policy is to prevent the harassment or intimidation of any person due to race, religious beliefs, ethnicity, gender, sexual orientation, physical or mental disabilities, political beliefs,...","og_url":"https:\/\/www.socdem.org\/en\/our-school\/school-policies\/harassment-and-intimidation\/","og_site_name":"Primary School Socrates and Demosthenes","article_publisher":"https:\/\/www.facebook.com\/TheHCGM\/","article_modified_time":"2018-11-02T14:53:55+00:00","twitter_card":"summary_large_image","twitter_misc":{"Est. reading time":"3 minutes"},"schema":{"@context":"https:\/\/schema.org","@graph":[{"@type":"WebPage","@id":"https:\/\/www.socdem.org\/en\/our-school\/school-policies\/harassment-and-intimidation\/","url":"https:\/\/www.socdem.org\/en\/our-school\/school-policies\/harassment-and-intimidation\/","name":"HARASSMENT AND INTIMIDATION - Primary School Socrates and Demosthenes","isPartOf":{"@id":"https:\/\/www.socdem.org\/en\/#website"},"datePublished":"2013-09-27T05:51:57+00:00","dateModified":"2018-11-02T14:53:55+00:00","breadcrumb":{"@id":"https:\/\/www.socdem.org\/en\/our-school\/school-policies\/harassment-and-intimidation\/#breadcrumb"},"inLanguage":"en-US","potentialAction":[{"@type":"ReadAction","target":["https:\/\/www.socdem.org\/en\/our-school\/school-policies\/harassment-and-intimidation\/"]}]},{"@type":"BreadcrumbList","@id":"https:\/\/www.socdem.org\/en\/our-school\/school-policies\/harassment-and-intimidation\/#breadcrumb","itemListElement":[{"@type":"ListItem","position":1,"name":"Accueil","item":"https:\/\/www.socdem.org\/en\/"},{"@type":"ListItem","position":2,"name":"OUR SCHOOL","item":"https:\/\/www.socdem.org\/en\/our-school\/"},{"@type":"ListItem","position":3,"name":"SCHOOL POLICIES","item":"https:\/\/www.socdem.org\/en\/our-school\/school-policies\/"},{"@type":"ListItem","position":4,"name":"HARASSMENT AND INTIMIDATION"}]},{"@type":"WebSite","@id":"https:\/\/www.socdem.org\/en\/#website","url":"https:\/\/www.socdem.org\/en\/","name":"\u00c9cole Socrates-D\u00e9mosth\u00e8ne","description":"Five trilingual greek primary schools of Greater Montreal.","publisher":{"@id":"https:\/\/www.socdem.org\/en\/#organization"},"potentialAction":[{"@type":"SearchAction","target":{"@type":"EntryPoint","urlTemplate":"https:\/\/www.socdem.org\/en\/?s={search_term_string}"},"query-input":{"@type":"PropertyValueSpecification","valueRequired":true,"valueName":"search_term_string"}}],"inLanguage":"en-US"},{"@type":"Organization","@id":"https:\/\/www.socdem.org\/en\/#organization","name":"\u00c9cole Socrates-D\u00e9mosth\u00e8ne","url":"https:\/\/www.socdem.org\/en\/","logo":{"@type":"ImageObject","inLanguage":"en-US","@id":"https:\/\/www.socdem.org\/en\/#\/schema\/logo\/image\/","url":"https:\/\/www.socdem.org\/wp-content\/uploads\/2014\/03\/SOC-DEM-LOGO-NAME.jpg","contentUrl":"https:\/\/www.socdem.org\/wp-content\/uploads\/2014\/03\/SOC-DEM-LOGO-NAME.jpg","width":"8485","height":"4200","caption":"\u00c9cole Socrates-D\u00e9mosth\u00e8ne"},"image":{"@id":"https:\/\/www.socdem.org\/en\/#\/schema\/logo\/image\/"},"sameAs":["https:\/\/www.facebook.com\/TheHCGM\/","https:\/\/www.instagram.com\/p\/BnE965PhJU7\/?hl=en"]}]}},"_links":{"self":[{"href":"https:\/\/www.socdem.org\/en\/wp-json\/wp\/v2\/pages\/4531","targetHints":{"allow":["GET"]}}],"collection":[{"href":"https:\/\/www.socdem.org\/en\/wp-json\/wp\/v2\/pages"}],"about":[{"href":"https:\/\/www.socdem.org\/en\/wp-json\/wp\/v2\/types\/page"}],"author":[{"embeddable":true,"href":"https:\/\/www.socdem.org\/en\/wp-json\/wp\/v2\/users\/2"}],"replies":[{"embeddable":true,"href":"https:\/\/www.socdem.org\/en\/wp-json\/wp\/v2\/comments?post=4531"}],"version-history":[{"count":0,"href":"https:\/\/www.socdem.org\/en\/wp-json\/wp\/v2\/pages\/4531\/revisions"}],"up":[{"embeddable":true,"href":"https:\/\/www.socdem.org\/en\/wp-json\/wp\/v2\/pages\/4525"}],"wp:attachment":[{"href":"https:\/\/www.socdem.org\/en\/wp-json\/wp\/v2\/media?parent=4531"}],"curies":[{"name":"wp","href":"https:\/\/api.w.org\/{rel}","templated":true}]}}