{"id":4540,"date":"2013-09-27T01:55:50","date_gmt":"2013-09-27T05:55:50","guid":{"rendered":"http:\/\/socdem.wpengine.com\/?page_id=4540"},"modified":"2014-04-04T05:36:07","modified_gmt":"2014-04-04T09:36:07","slug":"policy-of-specialized-services","status":"publish","type":"page","link":"https:\/\/www.socdem.org\/en\/our-school\/school-policies\/policy-of-specialized-services\/","title":{"rendered":"POLICY FOR SPECIALIZED SERVICES"},"content":{"rendered":"<h5 style=\"text-align: justify; color: black;\">\n<p> Specialized services offered by the Socrates-Demosthenes school, are made in a personal approach to effectively respond to our customer\u2019s needs. An interdisciplinary team of professionals is dedicated to working closely with teachers, parents and other stakeholders to address the educational, medical, psychological and social needs of each child.<\/p>\n<p><strong>1.\tReferral of a child to multidisciplinary team or to one of its members.<\/strong><\/p>\n<p>A child can benefit from the help of the following specialists when he\/she experiences academic, social, emotional, or behavioral difficulties. <\/p>\n<p><strong>Internal and external members of the school team may include the following::<\/p>\n<p><\/strong><strong>Internal:<\/strong>Specialized instructors (psycho-educators), remedial tutors, teachers and school principals.<\/p>\n<p><strong>External:<\/strong>  Dental hygienists, psychologists, speech-language pathologists, social workers, health care personnel, parents\/guardians.<\/p>\n<p>Note that particular specialized services offered at school Socrates-Demosthenes, may vary from year to year. The policy for specialized services applies only to those services available in the school year.<\/p>\n<p><strong>2.Reference to internal team members<\/strong><\/p>\n<p>Following a parent \/ teacher communication, any teacher can discuss the student\u2019s difficulties (academic, social, emotional or behavioral) with any internal member of the school\u2019s multidisciplinary team.<\/p>\n<p>Following a request made by a teacher or the school principal, any internal member of the school\u2019s multidisciplinary team can be called in a classroom, (without parental consent) as an observer, to collect information on any child with difficulties of all kinds.<\/p>\n<p>The specialized educator\/instructor, the remedial tutor and other professionals (when available) make every effort to support the work of teachers. A teacher or a specialist can request assistance from an education specialist, a remedial tutor, or any other specialist available to assist a child, either inside or outside the classroom. Assistance from specialized educators, remedial tutors, and other available internal specialists, requires a written parental consent. A consent form is sent to parents\/guardians through their child in order to permit new support measures. The consent form must be returned to the school.<\/p>\n<p>Parents \/ guardians may at any time contact the teacher and\/or the specialized educator to receive information about their child or to make a request to hold a formal meeting with all stakeholders involved.<\/p>\n<p>Parents \/ guardians may themselves make a request for the professional services available or to arrange an appointment for a consultation (meeting with a professional) as and when they observe difficulties or new needs in their children.<\/p>\n<p><strong>3.Evaluations<\/strong><\/p>\n<p>When a child has persistent social, emotional, psychological and\/or behavioral learning difficulties, the school has the right to recommend an appropriate professional assessment (academic, psychological, medical, neuropsychological, etc.). It is strongly suggested that any recommendations made by the school regarding any evaluation or support measure are respected and followed in the shortest possible time. <\/p>\n<p>If a parent\/guardian refuses to follow formal recommendations made by the school, supported and sanctioned by a professional evaluation, it may be required for him\/her to sign a form absolving the school of any responsibility for any negative consequences that might result directly from this decision..<\/p>\n<p>When there is reason to believe that the security or the development of a child is in danger, sections 39 and 39.1 of the Youth Protection Act mentions that professionals working with children and teachers are required, in the performance of their duties, make a report to the D.P.J.<\/p>\n<\/h5>\n","protected":false},"excerpt":{"rendered":"<p>Specialized services offered by the Socrates-Demosthenes school, are made in a personal approach to effectively respond to our customer\u2019s needs. An interdisciplinary team of professionals is dedicated to working closely&#8230;<\/p>\n","protected":false},"author":2,"featured_media":0,"parent":4525,"menu_order":0,"comment_status":"open","ping_status":"closed","template":"","meta":{"_monsterinsights_skip_tracking":false,"_monsterinsights_sitenote_active":false,"_monsterinsights_sitenote_note":"","_monsterinsights_sitenote_category":0,"footnotes":""},"class_list":["post-4540","page","type-page","status-publish"],"yoast_head":"<!-- This site is optimized with the Yoast SEO plugin v27.5 - https:\/\/yoast.com\/product\/yoast-seo-wordpress\/ -->\n<title>POLICY FOR SPECIALIZED SERVICES - Primary School Socrates and Demosthenes<\/title>\n<meta name=\"robots\" content=\"index, follow, max-snippet:-1, max-image-preview:large, max-video-preview:-1\" \/>\n<link rel=\"canonical\" href=\"https:\/\/www.socdem.org\/en\/our-school\/school-policies\/policy-of-specialized-services\/\" \/>\n<meta property=\"og:locale\" content=\"en_US\" \/>\n<meta property=\"og:type\" content=\"article\" \/>\n<meta property=\"og:title\" content=\"POLICY FOR SPECIALIZED SERVICES - Primary School Socrates and Demosthenes\" \/>\n<meta property=\"og:description\" content=\"Specialized services offered by the Socrates-Demosthenes school, are made in a personal approach to effectively respond to our customer\u2019s needs. An interdisciplinary team of professionals is dedicated to working closely...\" \/>\n<meta property=\"og:url\" content=\"https:\/\/www.socdem.org\/en\/our-school\/school-policies\/policy-of-specialized-services\/\" \/>\n<meta property=\"og:site_name\" content=\"Primary School Socrates and Demosthenes\" \/>\n<meta property=\"article:publisher\" content=\"https:\/\/www.facebook.com\/TheHCGM\/\" \/>\n<meta property=\"article:modified_time\" content=\"2014-04-04T09:36:07+00:00\" \/>\n<meta name=\"twitter:card\" content=\"summary_large_image\" \/>\n<meta name=\"twitter:label1\" content=\"Est. reading time\" \/>\n\t<meta name=\"twitter:data1\" content=\"3 minutes\" \/>\n<script type=\"application\/ld+json\" class=\"yoast-schema-graph\">{\"@context\":\"https:\\\/\\\/schema.org\",\"@graph\":[{\"@type\":\"WebPage\",\"@id\":\"https:\\\/\\\/www.socdem.org\\\/en\\\/our-school\\\/school-policies\\\/policy-of-specialized-services\\\/\",\"url\":\"https:\\\/\\\/www.socdem.org\\\/en\\\/our-school\\\/school-policies\\\/policy-of-specialized-services\\\/\",\"name\":\"POLICY FOR SPECIALIZED SERVICES - Primary School Socrates and Demosthenes\",\"isPartOf\":{\"@id\":\"https:\\\/\\\/www.socdem.org\\\/en\\\/#website\"},\"datePublished\":\"2013-09-27T05:55:50+00:00\",\"dateModified\":\"2014-04-04T09:36:07+00:00\",\"breadcrumb\":{\"@id\":\"https:\\\/\\\/www.socdem.org\\\/en\\\/our-school\\\/school-policies\\\/policy-of-specialized-services\\\/#breadcrumb\"},\"inLanguage\":\"en-US\",\"potentialAction\":[{\"@type\":\"ReadAction\",\"target\":[\"https:\\\/\\\/www.socdem.org\\\/en\\\/our-school\\\/school-policies\\\/policy-of-specialized-services\\\/\"]}]},{\"@type\":\"BreadcrumbList\",\"@id\":\"https:\\\/\\\/www.socdem.org\\\/en\\\/our-school\\\/school-policies\\\/policy-of-specialized-services\\\/#breadcrumb\",\"itemListElement\":[{\"@type\":\"ListItem\",\"position\":1,\"name\":\"Accueil\",\"item\":\"https:\\\/\\\/www.socdem.org\\\/en\\\/\"},{\"@type\":\"ListItem\",\"position\":2,\"name\":\"OUR SCHOOL\",\"item\":\"https:\\\/\\\/www.socdem.org\\\/en\\\/our-school\\\/\"},{\"@type\":\"ListItem\",\"position\":3,\"name\":\"SCHOOL POLICIES\",\"item\":\"https:\\\/\\\/www.socdem.org\\\/en\\\/our-school\\\/school-policies\\\/\"},{\"@type\":\"ListItem\",\"position\":4,\"name\":\"POLICY FOR SPECIALIZED SERVICES\"}]},{\"@type\":\"WebSite\",\"@id\":\"https:\\\/\\\/www.socdem.org\\\/en\\\/#website\",\"url\":\"https:\\\/\\\/www.socdem.org\\\/en\\\/\",\"name\":\"\u00c9cole Socrates-D\u00e9mosth\u00e8ne\",\"description\":\"Five trilingual greek primary schools of Greater Montreal.\",\"publisher\":{\"@id\":\"https:\\\/\\\/www.socdem.org\\\/en\\\/#organization\"},\"potentialAction\":[{\"@type\":\"SearchAction\",\"target\":{\"@type\":\"EntryPoint\",\"urlTemplate\":\"https:\\\/\\\/www.socdem.org\\\/en\\\/?s={search_term_string}\"},\"query-input\":{\"@type\":\"PropertyValueSpecification\",\"valueRequired\":true,\"valueName\":\"search_term_string\"}}],\"inLanguage\":\"en-US\"},{\"@type\":\"Organization\",\"@id\":\"https:\\\/\\\/www.socdem.org\\\/en\\\/#organization\",\"name\":\"\u00c9cole Socrates-D\u00e9mosth\u00e8ne\",\"url\":\"https:\\\/\\\/www.socdem.org\\\/en\\\/\",\"logo\":{\"@type\":\"ImageObject\",\"inLanguage\":\"en-US\",\"@id\":\"https:\\\/\\\/www.socdem.org\\\/en\\\/#\\\/schema\\\/logo\\\/image\\\/\",\"url\":\"https:\\\/\\\/www.socdem.org\\\/wp-content\\\/uploads\\\/2014\\\/03\\\/SOC-DEM-LOGO-NAME.jpg\",\"contentUrl\":\"https:\\\/\\\/www.socdem.org\\\/wp-content\\\/uploads\\\/2014\\\/03\\\/SOC-DEM-LOGO-NAME.jpg\",\"width\":\"8485\",\"height\":\"4200\",\"caption\":\"\u00c9cole Socrates-D\u00e9mosth\u00e8ne\"},\"image\":{\"@id\":\"https:\\\/\\\/www.socdem.org\\\/en\\\/#\\\/schema\\\/logo\\\/image\\\/\"},\"sameAs\":[\"https:\\\/\\\/www.facebook.com\\\/TheHCGM\\\/\",\"https:\\\/\\\/www.instagram.com\\\/p\\\/BnE965PhJU7\\\/?hl=en\"]}]}<\/script>\n<!-- \/ Yoast SEO plugin. -->","yoast_head_json":{"title":"POLICY FOR SPECIALIZED SERVICES - Primary School Socrates and Demosthenes","robots":{"index":"index","follow":"follow","max-snippet":"max-snippet:-1","max-image-preview":"max-image-preview:large","max-video-preview":"max-video-preview:-1"},"canonical":"https:\/\/www.socdem.org\/en\/our-school\/school-policies\/policy-of-specialized-services\/","og_locale":"en_US","og_type":"article","og_title":"POLICY FOR SPECIALIZED SERVICES - Primary School Socrates and Demosthenes","og_description":"Specialized services offered by the Socrates-Demosthenes school, are made in a personal approach to effectively respond to our customer\u2019s needs. An interdisciplinary team of professionals is dedicated to working closely...","og_url":"https:\/\/www.socdem.org\/en\/our-school\/school-policies\/policy-of-specialized-services\/","og_site_name":"Primary School Socrates and Demosthenes","article_publisher":"https:\/\/www.facebook.com\/TheHCGM\/","article_modified_time":"2014-04-04T09:36:07+00:00","twitter_card":"summary_large_image","twitter_misc":{"Est. reading time":"3 minutes"},"schema":{"@context":"https:\/\/schema.org","@graph":[{"@type":"WebPage","@id":"https:\/\/www.socdem.org\/en\/our-school\/school-policies\/policy-of-specialized-services\/","url":"https:\/\/www.socdem.org\/en\/our-school\/school-policies\/policy-of-specialized-services\/","name":"POLICY FOR SPECIALIZED SERVICES - Primary School Socrates and Demosthenes","isPartOf":{"@id":"https:\/\/www.socdem.org\/en\/#website"},"datePublished":"2013-09-27T05:55:50+00:00","dateModified":"2014-04-04T09:36:07+00:00","breadcrumb":{"@id":"https:\/\/www.socdem.org\/en\/our-school\/school-policies\/policy-of-specialized-services\/#breadcrumb"},"inLanguage":"en-US","potentialAction":[{"@type":"ReadAction","target":["https:\/\/www.socdem.org\/en\/our-school\/school-policies\/policy-of-specialized-services\/"]}]},{"@type":"BreadcrumbList","@id":"https:\/\/www.socdem.org\/en\/our-school\/school-policies\/policy-of-specialized-services\/#breadcrumb","itemListElement":[{"@type":"ListItem","position":1,"name":"Accueil","item":"https:\/\/www.socdem.org\/en\/"},{"@type":"ListItem","position":2,"name":"OUR SCHOOL","item":"https:\/\/www.socdem.org\/en\/our-school\/"},{"@type":"ListItem","position":3,"name":"SCHOOL POLICIES","item":"https:\/\/www.socdem.org\/en\/our-school\/school-policies\/"},{"@type":"ListItem","position":4,"name":"POLICY FOR SPECIALIZED SERVICES"}]},{"@type":"WebSite","@id":"https:\/\/www.socdem.org\/en\/#website","url":"https:\/\/www.socdem.org\/en\/","name":"\u00c9cole Socrates-D\u00e9mosth\u00e8ne","description":"Five trilingual greek primary schools of Greater Montreal.","publisher":{"@id":"https:\/\/www.socdem.org\/en\/#organization"},"potentialAction":[{"@type":"SearchAction","target":{"@type":"EntryPoint","urlTemplate":"https:\/\/www.socdem.org\/en\/?s={search_term_string}"},"query-input":{"@type":"PropertyValueSpecification","valueRequired":true,"valueName":"search_term_string"}}],"inLanguage":"en-US"},{"@type":"Organization","@id":"https:\/\/www.socdem.org\/en\/#organization","name":"\u00c9cole Socrates-D\u00e9mosth\u00e8ne","url":"https:\/\/www.socdem.org\/en\/","logo":{"@type":"ImageObject","inLanguage":"en-US","@id":"https:\/\/www.socdem.org\/en\/#\/schema\/logo\/image\/","url":"https:\/\/www.socdem.org\/wp-content\/uploads\/2014\/03\/SOC-DEM-LOGO-NAME.jpg","contentUrl":"https:\/\/www.socdem.org\/wp-content\/uploads\/2014\/03\/SOC-DEM-LOGO-NAME.jpg","width":"8485","height":"4200","caption":"\u00c9cole Socrates-D\u00e9mosth\u00e8ne"},"image":{"@id":"https:\/\/www.socdem.org\/en\/#\/schema\/logo\/image\/"},"sameAs":["https:\/\/www.facebook.com\/TheHCGM\/","https:\/\/www.instagram.com\/p\/BnE965PhJU7\/?hl=en"]}]}},"_links":{"self":[{"href":"https:\/\/www.socdem.org\/en\/wp-json\/wp\/v2\/pages\/4540","targetHints":{"allow":["GET"]}}],"collection":[{"href":"https:\/\/www.socdem.org\/en\/wp-json\/wp\/v2\/pages"}],"about":[{"href":"https:\/\/www.socdem.org\/en\/wp-json\/wp\/v2\/types\/page"}],"author":[{"embeddable":true,"href":"https:\/\/www.socdem.org\/en\/wp-json\/wp\/v2\/users\/2"}],"replies":[{"embeddable":true,"href":"https:\/\/www.socdem.org\/en\/wp-json\/wp\/v2\/comments?post=4540"}],"version-history":[{"count":0,"href":"https:\/\/www.socdem.org\/en\/wp-json\/wp\/v2\/pages\/4540\/revisions"}],"up":[{"embeddable":true,"href":"https:\/\/www.socdem.org\/en\/wp-json\/wp\/v2\/pages\/4525"}],"wp:attachment":[{"href":"https:\/\/www.socdem.org\/en\/wp-json\/wp\/v2\/media?parent=4540"}],"curies":[{"name":"wp","href":"https:\/\/api.w.org\/{rel}","templated":true}]}}